{"id":7752,"date":"2018-06-30T20:26:32","date_gmt":"2018-06-30T20:26:32","guid":{"rendered":"https:\/\/www.hesdesign.com.tr\/hakkimizda\/"},"modified":"2022-04-14T10:36:52","modified_gmt":"2022-04-14T10:36:52","slug":"about","status":"publish","type":"page","link":"https:\/\/hesdesign.com.tr\/en\/about\/","title":{"rendered":"HES Design"},"content":{"rendered":"<p>[vc_row full_width=&#8221;stretch_row&#8221; gap=&#8221;35&#8243; p_top=&#8221;50px&#8221; m_top=&#8221;0&#8243;]\n\t<div class=\"vc_col-sm-4 wpb_column vc_column_container \"  data-wow-delay=\"0ms\">\n\t\t<div class=\"wpb_wrapper\">\n\t\t\t[vc_single_image image=&#8221;7059&#8243; img_size=&#8221;full&#8221;]\n\t\t<\/div> <!-- END .wpb_wrapper -->\n\t<\/div> <!-- END  wpb_column vc_column_container  -->\n\n\t<div class=\"vc_col-sm-8 wpb_column vc_column_container \"  data-wow-delay=\"0ms\">\n\t\t<div class=\"wpb_wrapper\">\n\t\t\t[vc_column_text]We never looked fair organization as a stand making and marketing. Our aim is to create functional projects which can be used at international fairs. Also providing to develop this field in Turkey.<\/p>\n<p>HES Design is professional in field of projects for place designs, project organizations, exhibition stands, project applying, architectural decoration and project management. In Turkey, Germany, and many countries in the world we makes high quality project for fairs and design for leading brands.<\/p>\n<p>More than 15 years in we gave our best work in Turkey and other countries.<\/p>\n<p>We have made successful projects to make our brands happy. We worked very hard to be here and give our best work. We build production facilities in Germany and extend our network.<\/p>\n<p>In our project we do not approach as brief- production but we make our work systematically. HES Design Project group aims for the best.<\/p>\n<p>We design projects that excite our brands then we create them. From storage to shipment, application montage to disassembly, we are with our brands in every step to give our best work.<\/p>\n<p>Our primary goal in project period to give high quality brand satisfaction. In rough and stressful exhibition process, we aim to lighten our brands organization, by finding solutions in every way possible. For years we have worked with hundreds of brands.<\/p>\n<p>The experience of working abroad is gained us good sights. Our biggest dream as HES Design to give projects and ideas to whole world. In every project we signed we are getting closer to this dream.[\/vc_column_text]\n\t\t<\/div> <!-- END .wpb_wrapper -->\n\t<\/div> <!-- END  wpb_column vc_column_container  -->\n[\/vc_row][vc_row full_width=&#8221;stretch_row&#8221; gap=&#8221;30&#8243; content_placement=&#8221;middle&#8221; m_bottom=&#8221;0&#8243; css=&#8221;.vc_custom_1632316927666{padding-top: 60px !important;background-color: #f1f5fb !important;}&#8221;]\n\t<div class=\"vc_col-sm-12 vc_col-md-8 wpb_column vc_column_container \"  data-wow-delay=\"0ms\" data-wow-iteration=\"1\" >\n\t\t<div class=\"wpb_wrapper\">\n\t\t\t[ivan_title title_tag=&#8221;h2&#8243; align=&#8221;left&#8221; animation=&#8221;fadeInUp&#8221; animation_iteration=&#8221;1&#8243; c_id=&#8221;.vc_1633426529199&#8243; subtitle_css=&#8221;margin-bottom:30px;&#8221;]<span class=\"underline-text-color\">HES Design<\/span> in Press[\/ivan_title]\n\t\t<\/div> <!-- END .wpb_wrapper -->\n\t<\/div> <!-- END  wpb_column vc_column_container  -->\n[\/vc_row][vc_row full_width=&#8221;stretch_row&#8221; gap=&#8221;35&#8243; p_bottom=&#8221;50px&#8221; m_bottom=&#8221;0&#8243; css=&#8221;.vc_custom_1632316955069{margin-bottom: 0px !important;background-color: #f1f5fb !important;}&#8221;]\n\t<div class=\"vc_col-sm-4 wpb_column vc_column_container \"  data-wow-delay=\"0ms\">\n\t\t<div class=\"wpb_wrapper\">\n\t\t\t[vc_single_image image=&#8221;7618&#8243; img_size=&#8221;full&#8221; alignment=&#8221;center&#8221; style=&#8221;vc_box_border&#8221;][vc_column_text]<\/p>\n<h4>&#8220;Fair organization sector should develop for more exports&#8221;<\/h4>\n<p>Stating that Turkish companies are treated unfairly in big fairs abroad, HES Design CEO Ersin Erdo\u011fan said, \u201cOur current account deficit increased by 561 million dollars in January and was calculated as 2 billion 762 million dollars. This rate may increase further.<\/p>\n<p><a href=\"https:\/\/www.hurriyet.com.tr\/ekonomi\/daha-fazla-ihracat-icin-fuarcilik-sektoru-gelismeli-40393852\">Read More&#8230;<\/a>[\/vc_column_text]\n\t\t<\/div> <!-- END .wpb_wrapper -->\n\t<\/div> <!-- END  wpb_column vc_column_container  -->\n\n\t<div class=\"vc_col-sm-4 wpb_column vc_column_container \"  data-wow-delay=\"0ms\">\n\t\t<div class=\"wpb_wrapper\">\n\t\t\t[vc_single_image image=&#8221;7616&#8243; img_size=&#8221;full&#8221; alignment=&#8221;center&#8221; style=&#8221;vc_box_border&#8221;][vc_column_text]<\/p>\n<h4>&#8220;There is a double standard at fairs for Turkish companies&#8221;<\/h4>\n<p>Large-scale fairs held abroad are of great importance in terms of reaching Turkey&#8217;s 2023 export target. However, sector representatives and fair participants think that Turks are treated unfairly in international fairs.<\/p>\n<p><a href=\"https:\/\/www.star.com.tr\/ekonomi\/turk-sirketlerine-fuarlarda-cifte-standart-var-haber-1196357\/\">Read More&#8230;<\/a>[\/vc_column_text]\n\t\t<\/div> <!-- END .wpb_wrapper -->\n\t<\/div> <!-- END  wpb_column vc_column_container  -->\n\n\t<div class=\"vc_col-sm-4 wpb_column vc_column_container \"  data-wow-delay=\"0ms\">\n\t\t<div class=\"wpb_wrapper\">\n\t\t\t[vc_single_image image=&#8221;7617&#8243; img_size=&#8221;full&#8221; alignment=&#8221;center&#8221; style=&#8221;vc_box_border&#8221;][vc_column_text]<\/p>\n<h4>&#8220;HES Design predicts 23 percent growth in business volume this year&#8221;<\/h4>\n<p>HES Design, which provides consultancy services in architectural and project processes as well as wooden stand production within the scope of domestic and international fairs, also offers turnkey solutions to its project partners.<\/p>\n<p><a href=\"https:\/\/www.dunya.com\/\">Read More&#8230;<\/a>[\/vc_column_text]\n\t\t<\/div> <!-- END .wpb_wrapper -->\n\t<\/div> <!-- END  wpb_column vc_column_container  -->\n[\/vc_row][vc_row full_width=&#8221;stretch_row&#8221; gap=&#8221;30&#8243; content_placement=&#8221;middle&#8221; m_bottom=&#8221;0&#8243; css=&#8221;.vc_custom_1632317215727{padding-top: 60px !important;}&#8221;]\n\t<div class=\"vc_col-sm-12 vc_col-md-8 wpb_column vc_column_container \"  data-wow-delay=\"0ms\" data-wow-iteration=\"1\" >\n\t\t<div class=\"wpb_wrapper\">\n\t\t\t[ivan_title title_tag=&#8221;h2&#8243; align=&#8221;left&#8221; animation=&#8221;fadeInUp&#8221; animation_iteration=&#8221;1&#8243; c_id=&#8221;.vc_1633426663834&#8243; subtitle_css=&#8221;margin-bottom:30px;&#8221;]<span class=\"underline-text-color\">References<\/span>[\/ivan_title]\n\t\t<\/div> <!-- END .wpb_wrapper -->\n\t<\/div> <!-- END  wpb_column vc_column_container  -->\n[\/vc_row][vc_row full_width=&#8221;stretch_row&#8221;]\n\t<div class=\"vc_col-sm-12 wpb_column vc_column_container \"  data-wow-delay=\"0ms\">\n\t\t<div class=\"wpb_wrapper\">\n\t\t\t[vc_gallery type=&#8221;image_grid&#8221; images=&#8221;7049,7048,7046,7505,7045,7044,7499,7500,7501,7504,7503,7502,7047,7658,7659,7660,7661,7662,7663,7664,7665,7666,7667,7668,7669,7670,7671,7672,7673,7674,7675,7676,7677,8048,8090,8162&#8243; img_size=&#8221;190&#215;90&#8243; onclick=&#8221;&#8221; el_class=&#8221;referanslar&#8221;]\n\t\t<\/div> <!-- END .wpb_wrapper -->\n\t<\/div> <!-- END  wpb_column vc_column_container  -->\n[\/vc_row]<\/p>\n","protected":false},"excerpt":{"rendered":"<p>[vc_row full_width=&#8221;stretch_row&#8221; gap=&#8221;35&#8243; p_top=&#8221;50px&#8221; m_top=&#8221;0&#8243;][\/vc_row][vc_row full_width=&#8221;stretch_row&#8221; gap=&#8221;30&#8243; content_placement=&#8221;middle&#8221; m_bottom=&#8221;0&#8243; css=&#8221;.vc_custom_1632316927666{padding-top: 60px !important;background-color: #f1f5fb !important;}&#8221;][\/vc_row][vc_row full_width=&#8221;stretch_row&#8221; gap=&#8221;35&#8243; p_bottom=&#8221;50px&#8221; m_bottom=&#8221;0&#8243; css=&#8221;.vc_custom_1632316955069{margin-bottom: 0px !important;background-color: #f1f5fb !important;}&#8221;][\/vc_row][vc_row full_width=&#8221;stretch_row&#8221; gap=&#8221;30&#8243; content_placement=&#8221;middle&#8221; m_bottom=&#8221;0&#8243; css=&#8221;.vc_custom_1632317215727{padding-top: 60px !important;}&#8221;][\/vc_row][vc_row full_width=&#8221;stretch_row&#8221;][\/vc_row]<\/p>\n","protected":false},"author":1,"featured_media":0,"parent":0,"menu_order":0,"comment_status":"closed","ping_status":"closed","template":"","meta":{"_themeisle_gutenberg_block_has_review":false,"footnotes":""},"class_list":["post-7752","page","type-page","status-publish","hentry"],"yoast_head":"<!-- This site is optimized with the Yoast SEO plugin v24.3 - https:\/\/yoast.com\/wordpress\/plugins\/seo\/ -->\n<title>HES Design &#8212; HES Design<\/title>\n<meta name=\"robots\" content=\"index, follow, max-snippet:-1, max-image-preview:large, max-video-preview:-1\" \/>\n<link rel=\"canonical\" href=\"https:\/\/hesdesign.com.tr\/en\/about\/\" \/>\n<meta property=\"og:locale\" content=\"en_US\" \/>\n<meta property=\"og:type\" content=\"article\" \/>\n<meta property=\"og:title\" content=\"HES Design &#8212; HES Design\" \/>\n<meta property=\"og:description\" content=\"[vc_row full_width=&#8221;stretch_row&#8221; gap=&#8221;35&#8243; p_top=&#8221;50px&#8221; m_top=&#8221;0&#8243;][\/vc_row][vc_row full_width=&#8221;stretch_row&#8221; gap=&#8221;30&#8243; content_placement=&#8221;middle&#8221; m_bottom=&#8221;0&#8243; css=&#8221;.vc_custom_1632316927666{padding-top: 60px !important;background-color: #f1f5fb !important;}&#8221;][\/vc_row][vc_row full_width=&#8221;stretch_row&#8221; gap=&#8221;35&#8243; p_bottom=&#8221;50px&#8221; m_bottom=&#8221;0&#8243; css=&#8221;.vc_custom_1632316955069{margin-bottom: 0px !important;background-color: #f1f5fb !important;}&#8221;][\/vc_row][vc_row full_width=&#8221;stretch_row&#8221; gap=&#8221;30&#8243; content_placement=&#8221;middle&#8221; m_bottom=&#8221;0&#8243; css=&#8221;.vc_custom_1632317215727{padding-top: 60px !important;}&#8221;][\/vc_row][vc_row full_width=&#8221;stretch_row&#8221;][\/vc_row]\" \/>\n<meta property=\"og:url\" content=\"https:\/\/hesdesign.com.tr\/en\/about\/\" \/>\n<meta property=\"og:site_name\" content=\"HES Design\" \/>\n<meta property=\"article:publisher\" content=\"https:\/\/www.facebook.com\/hesdesign34\" \/>\n<meta property=\"article:modified_time\" content=\"2022-04-14T10:36:52+00:00\" \/>\n<meta name=\"twitter:card\" content=\"summary_large_image\" \/>\n<meta name=\"twitter:label1\" content=\"Est. reading time\" \/>\n\t<meta name=\"twitter:data1\" content=\"3 minutes\" \/>\n<script type=\"application\/ld+json\" class=\"yoast-schema-graph\">{\"@context\":\"https:\/\/schema.org\",\"@graph\":[{\"@type\":\"WebPage\",\"@id\":\"https:\/\/hesdesign.com.tr\/en\/about\/\",\"url\":\"https:\/\/hesdesign.com.tr\/en\/about\/\",\"name\":\"HES Design &#8212; HES Design\",\"isPartOf\":{\"@id\":\"https:\/\/hesdesign.com.tr\/#website\"},\"datePublished\":\"2018-06-30T20:26:32+00:00\",\"dateModified\":\"2022-04-14T10:36:52+00:00\",\"breadcrumb\":{\"@id\":\"https:\/\/hesdesign.com.tr\/en\/about\/#breadcrumb\"},\"inLanguage\":\"en-US\",\"potentialAction\":[{\"@type\":\"ReadAction\",\"target\":[\"https:\/\/hesdesign.com.tr\/en\/about\/\"]}]},{\"@type\":\"BreadcrumbList\",\"@id\":\"https:\/\/hesdesign.com.tr\/en\/about\/#breadcrumb\",\"itemListElement\":[{\"@type\":\"ListItem\",\"position\":1,\"name\":\"Anasayfa\",\"item\":\"https:\/\/hesdesign.com.tr\/en\/\"},{\"@type\":\"ListItem\",\"position\":2,\"name\":\"HES Design\"}]},{\"@type\":\"WebSite\",\"@id\":\"https:\/\/hesdesign.com.tr\/#website\",\"url\":\"https:\/\/hesdesign.com.tr\/\",\"name\":\"HES Design\",\"description\":\"Firman\u0131za G\u00fc\u00e7 Kat\u0131n\",\"publisher\":{\"@id\":\"https:\/\/hesdesign.com.tr\/#organization\"},\"potentialAction\":[{\"@type\":\"SearchAction\",\"target\":{\"@type\":\"EntryPoint\",\"urlTemplate\":\"https:\/\/hesdesign.com.tr\/?s={search_term_string}\"},\"query-input\":{\"@type\":\"PropertyValueSpecification\",\"valueRequired\":true,\"valueName\":\"search_term_string\"}}],\"inLanguage\":\"en-US\"},{\"@type\":\"Organization\",\"@id\":\"https:\/\/hesdesign.com.tr\/#organization\",\"name\":\"HES Design\",\"url\":\"https:\/\/hesdesign.com.tr\/\",\"logo\":{\"@type\":\"ImageObject\",\"inLanguage\":\"en-US\",\"@id\":\"https:\/\/hesdesign.com.tr\/#\/schema\/logo\/image\/\",\"url\":\"https:\/\/www.hesdesign.com.tr\/wp-content\/uploads\/2021\/09\/hes-copy-2.png\",\"contentUrl\":\"https:\/\/www.hesdesign.com.tr\/wp-content\/uploads\/2021\/09\/hes-copy-2.png\",\"width\":300,\"height\":132,\"caption\":\"HES Design\"},\"image\":{\"@id\":\"https:\/\/hesdesign.com.tr\/#\/schema\/logo\/image\/\"},\"sameAs\":[\"https:\/\/www.facebook.com\/hesdesign34\",\"https:\/\/www.instagram.com\/hes_design_\/\",\"http:\/\/linkedin.com\/company\/hes-design\"]}]}<\/script>\n<!-- \/ Yoast SEO plugin. -->","yoast_head_json":{"title":"HES Design &#8212; HES Design","robots":{"index":"index","follow":"follow","max-snippet":"max-snippet:-1","max-image-preview":"max-image-preview:large","max-video-preview":"max-video-preview:-1"},"canonical":"https:\/\/hesdesign.com.tr\/en\/about\/","og_locale":"en_US","og_type":"article","og_title":"HES Design &#8212; HES Design","og_description":"[vc_row full_width=&#8221;stretch_row&#8221; gap=&#8221;35&#8243; p_top=&#8221;50px&#8221; m_top=&#8221;0&#8243;][\/vc_row][vc_row full_width=&#8221;stretch_row&#8221; gap=&#8221;30&#8243; content_placement=&#8221;middle&#8221; m_bottom=&#8221;0&#8243; css=&#8221;.vc_custom_1632316927666{padding-top: 60px !important;background-color: #f1f5fb !important;}&#8221;][\/vc_row][vc_row full_width=&#8221;stretch_row&#8221; gap=&#8221;35&#8243; p_bottom=&#8221;50px&#8221; m_bottom=&#8221;0&#8243; css=&#8221;.vc_custom_1632316955069{margin-bottom: 0px !important;background-color: #f1f5fb !important;}&#8221;][\/vc_row][vc_row full_width=&#8221;stretch_row&#8221; gap=&#8221;30&#8243; content_placement=&#8221;middle&#8221; m_bottom=&#8221;0&#8243; css=&#8221;.vc_custom_1632317215727{padding-top: 60px !important;}&#8221;][\/vc_row][vc_row full_width=&#8221;stretch_row&#8221;][\/vc_row]","og_url":"https:\/\/hesdesign.com.tr\/en\/about\/","og_site_name":"HES Design","article_publisher":"https:\/\/www.facebook.com\/hesdesign34","article_modified_time":"2022-04-14T10:36:52+00:00","twitter_card":"summary_large_image","twitter_misc":{"Est. reading time":"3 minutes"},"schema":{"@context":"https:\/\/schema.org","@graph":[{"@type":"WebPage","@id":"https:\/\/hesdesign.com.tr\/en\/about\/","url":"https:\/\/hesdesign.com.tr\/en\/about\/","name":"HES Design &#8212; HES Design","isPartOf":{"@id":"https:\/\/hesdesign.com.tr\/#website"},"datePublished":"2018-06-30T20:26:32+00:00","dateModified":"2022-04-14T10:36:52+00:00","breadcrumb":{"@id":"https:\/\/hesdesign.com.tr\/en\/about\/#breadcrumb"},"inLanguage":"en-US","potentialAction":[{"@type":"ReadAction","target":["https:\/\/hesdesign.com.tr\/en\/about\/"]}]},{"@type":"BreadcrumbList","@id":"https:\/\/hesdesign.com.tr\/en\/about\/#breadcrumb","itemListElement":[{"@type":"ListItem","position":1,"name":"Anasayfa","item":"https:\/\/hesdesign.com.tr\/en\/"},{"@type":"ListItem","position":2,"name":"HES Design"}]},{"@type":"WebSite","@id":"https:\/\/hesdesign.com.tr\/#website","url":"https:\/\/hesdesign.com.tr\/","name":"HES Design","description":"Firman\u0131za G\u00fc\u00e7 Kat\u0131n","publisher":{"@id":"https:\/\/hesdesign.com.tr\/#organization"},"potentialAction":[{"@type":"SearchAction","target":{"@type":"EntryPoint","urlTemplate":"https:\/\/hesdesign.com.tr\/?s={search_term_string}"},"query-input":{"@type":"PropertyValueSpecification","valueRequired":true,"valueName":"search_term_string"}}],"inLanguage":"en-US"},{"@type":"Organization","@id":"https:\/\/hesdesign.com.tr\/#organization","name":"HES Design","url":"https:\/\/hesdesign.com.tr\/","logo":{"@type":"ImageObject","inLanguage":"en-US","@id":"https:\/\/hesdesign.com.tr\/#\/schema\/logo\/image\/","url":"https:\/\/www.hesdesign.com.tr\/wp-content\/uploads\/2021\/09\/hes-copy-2.png","contentUrl":"https:\/\/www.hesdesign.com.tr\/wp-content\/uploads\/2021\/09\/hes-copy-2.png","width":300,"height":132,"caption":"HES Design"},"image":{"@id":"https:\/\/hesdesign.com.tr\/#\/schema\/logo\/image\/"},"sameAs":["https:\/\/www.facebook.com\/hesdesign34","https:\/\/www.instagram.com\/hes_design_\/","http:\/\/linkedin.com\/company\/hes-design"]}]}},"_links":{"self":[{"href":"https:\/\/hesdesign.com.tr\/en\/wp-json\/wp\/v2\/pages\/7752","targetHints":{"allow":["GET"]}}],"collection":[{"href":"https:\/\/hesdesign.com.tr\/en\/wp-json\/wp\/v2\/pages"}],"about":[{"href":"https:\/\/hesdesign.com.tr\/en\/wp-json\/wp\/v2\/types\/page"}],"author":[{"embeddable":true,"href":"https:\/\/hesdesign.com.tr\/en\/wp-json\/wp\/v2\/users\/1"}],"replies":[{"embeddable":true,"href":"https:\/\/hesdesign.com.tr\/en\/wp-json\/wp\/v2\/comments?post=7752"}],"version-history":[{"count":5,"href":"https:\/\/hesdesign.com.tr\/en\/wp-json\/wp\/v2\/pages\/7752\/revisions"}],"predecessor-version":[{"id":8360,"href":"https:\/\/hesdesign.com.tr\/en\/wp-json\/wp\/v2\/pages\/7752\/revisions\/8360"}],"wp:attachment":[{"href":"https:\/\/hesdesign.com.tr\/en\/wp-json\/wp\/v2\/media?parent=7752"}],"curies":[{"name":"wp","href":"https:\/\/api.w.org\/{rel}","templated":true}]}}