{"id":7754,"date":"2021-09-22T12:39:14","date_gmt":"2021-09-22T12:39:14","guid":{"rendered":"https:\/\/www.hesdesign.com.tr\/hizmetlerimiz\/"},"modified":"2023-03-29T07:51:39","modified_gmt":"2023-03-29T04:51:39","slug":"services","status":"publish","type":"page","link":"https:\/\/hesdesign.com.tr\/en\/services\/","title":{"rendered":"Services"},"content":{"rendered":"<p>[vc_row full_width=&#8221;stretch_row_content&#8221; m_bottom=&#8221;0&#8243; css=&#8221;.vc_custom_1632334690397{padding-right: 4vw !important;padding-left: 4vw !important;}&#8221;]\n\t<div class=\"vc_col-sm-4 wpb_column vc_column_container  wow animated fadeInUp vc_custom_1631004537930\"  data-wow-delay=\"0ms\" data-wow-iteration=\"1\" >\n\t\t<div class=\"wpb_wrapper\">\n\t\t\t[ivan_promo_box hover_effect=&#8221;dark-overlay&#8221; title=&#8221;Fair Stand Design Services&#8221; button_link=&#8221;url:https%3A%2F%2Fwww.hesdesign.com.tr%2Fen%2Fservices%2Fexhibiton-stands-displays%2F|title:Fair%20Stand%20Design%20Services&#8221; animation_iteration=&#8221;1&#8243; c_id=&#8221;.vc_1680065079278&#8243; header_css=&#8221;font-size:22px;&#8221; css=&#8221;.vc_custom_1680065079278{padding-top: 200px !important;padding-bottom: 200px !important;background-color: rgba(17,17,17,0.4) !important;*background-color: rgb(17,17,17) !important;}&#8221;][\/ivan_promo_box]\n\t\t<\/div> <!-- END .wpb_wrapper -->\n\t<\/div> <!-- END  wpb_column vc_column_container  wow animated fadeInUp -->\n\n\t<div class=\"vc_col-sm-4 wpb_column vc_column_container  wow animated fadeInUp vc_custom_1655588832567\"  data-wow-delay=\"100ms\" data-wow-iteration=\"1\" >\n\t\t<div class=\"wpb_wrapper\">\n\t\t\t[ivan_promo_box hover_effect=&#8221;dark-overlay&#8221; title=&#8221;Fair Stand Application Services&#8221; button_link=&#8221;url:https%3A%2F%2Fwww.hesdesign.com.tr%2Fen%2Fservices%2Farchitectural-design%2F|title:Fair%20Stand%20Application%20Services&#8221; animation_iteration=&#8221;1&#8243; c_id=&#8221;.vc_1680065139954&#8243; header_css=&#8221;font-size:22px;&#8221; css=&#8221;.vc_custom_1680065139954{padding-top: 200px !important;padding-bottom: 200px !important;background-color: rgba(17,17,17,0.4) !important;*background-color: rgb(17,17,17) !important;}&#8221;][\/ivan_promo_box]\n\t\t<\/div> <!-- END .wpb_wrapper -->\n\t<\/div> <!-- END  wpb_column vc_column_container  wow animated fadeInUp -->\n\n\t<div class=\"vc_col-sm-4 wpb_column vc_column_container  wow animated fadeInUp vc_custom_1655588865835\"  data-wow-delay=\"200ms\" data-wow-iteration=\"1\" >\n\t\t<div class=\"wpb_wrapper\">\n\t\t\t[ivan_promo_box hover_effect=&#8221;dark-overlay&#8221; title=&#8221;Fair Stand Project Managment Services&#8221; button_link=&#8221;url:https%3A%2F%2Fwww.hesdesign.com.tr%2Fen%2Fservices%2Findustrial-design%2F|title:Fair%20Stand%20Project%20Managment%20Services&#8221; animation_iteration=&#8221;1&#8243; c_id=&#8221;.vc_1680065190223&#8243; header_css=&#8221;font-size:22px;&#8221; css=&#8221;.vc_custom_1680065190223{padding-top: 200px !important;padding-bottom: 200px !important;background-color: rgba(17,17,17,0.4) !important;*background-color: rgb(17,17,17) !important;}&#8221;][\/ivan_promo_box]\n\t\t<\/div> <!-- END .wpb_wrapper -->\n\t<\/div> <!-- END  wpb_column vc_column_container  wow animated fadeInUp -->\n[\/vc_row][vc_row full_width=&#8221;stretch_row_content&#8221; m_bottom=&#8221;0&#8243; css=&#8221;.vc_custom_1632334690397{padding-right: 4vw !important;padding-left: 4vw !important;}&#8221;]\n\t<div class=\"vc_col-sm-4 wpb_column vc_column_container  wow animated fadeInUp vc_custom_1679592628840\"  data-wow-delay=\"0ms\" data-wow-iteration=\"1\" >\n\t\t<div class=\"wpb_wrapper\">\n\t\t\t[ivan_promo_box hover_effect=&#8221;dark-overlay&#8221; title=&#8221;Fair &amp; Exhibition Logistics&#8221; button_link=&#8221;url:https%3A%2F%2Fwww.hesdesign.com.tr%2Fen%2Fservices%2Ffair-exhibition-logistics%2F|title:Fuar%20Lojisti%C4%9Fi&#8221; animation_iteration=&#8221;1&#8243; c_id=&#8221;.vc_1680065227051&#8243; header_css=&#8221;font-size:22px;&#8221; css=&#8221;.vc_custom_1680065227050{padding-top: 200px !important;padding-bottom: 200px !important;background-color: rgba(17,17,17,0.4) !important;*background-color: rgb(17,17,17) !important;}&#8221;][\/ivan_promo_box]\n\t\t<\/div> <!-- END .wpb_wrapper -->\n\t<\/div> <!-- END  wpb_column vc_column_container  wow animated fadeInUp -->\n\n\t<div class=\"vc_col-sm-4 wpb_column vc_column_container  wow animated fadeInUp vc_custom_1679592655874\"  data-wow-delay=\"100ms\" data-wow-iteration=\"1\" >\n\t\t<div class=\"wpb_wrapper\">\n\t\t\t[ivan_promo_box hover_effect=&#8221;dark-overlay&#8221; title=&#8221;Event and Stage Decoration Applications&#8221; button_link=&#8221;url:https%3A%2F%2Fwww.hesdesign.com.tr%2Fen%2Fservices%2Fevent-and-stage-decoration-applications%2F|title:Event%20and%20Stage%20Decoration%20Applications&#8221; animation_iteration=&#8221;1&#8243; c_id=&#8221;.vc_1680065265651&#8243; header_css=&#8221;font-size:22px;&#8221; css=&#8221;.vc_custom_1680065265651{padding-top: 200px !important;padding-bottom: 200px !important;background-color: rgba(17,17,17,0.4) !important;*background-color: rgb(17,17,17) !important;}&#8221;][\/ivan_promo_box]\n\t\t<\/div> <!-- END .wpb_wrapper -->\n\t<\/div> <!-- END  wpb_column vc_column_container  wow animated fadeInUp -->\n\n\t<div class=\"vc_col-sm-4 wpb_column vc_column_container  wow animated fadeInUp vc_custom_1679592522634\"  data-wow-delay=\"200ms\" data-wow-iteration=\"1\" >\n\t\t<div class=\"wpb_wrapper\">\n\t\t\t[ivan_promo_box hover_effect=&#8221;dark-overlay&#8221; title=&#8221;Place Designs&#8221; button_link=&#8221;url:https%3A%2F%2Fwww.hesdesign.com.tr%2Fen%2Fservices%2Fdesign-practice%2F|title:Place%20Designs|rel:nofollow&#8221; animation_iteration=&#8221;1&#8243; c_id=&#8221;.vc_1680065337712&#8243; header_css=&#8221;font-size:22px;&#8221; css=&#8221;.vc_custom_1680065337712{padding-top: 200px !important;padding-bottom: 200px !important;background-color: rgba(17,17,17,0.4) !important;*background-color: rgb(17,17,17) !important;}&#8221;][\/ivan_promo_box]\n\t\t<\/div> <!-- END .wpb_wrapper -->\n\t<\/div> <!-- END  wpb_column vc_column_container  wow animated fadeInUp -->\n[\/vc_row][vc_row full_width=&#8221;stretch_row_content&#8221; m_bottom=&#8221;0&#8243; css=&#8221;.vc_custom_1617298716356{padding-right: 4vw !important;padding-left: 4vw !important;}&#8221;]\n\t<div class=\"vc_col-sm-6 wpb_column vc_column_container  wow animated fadeInUp vc_custom_1632140675374\"  data-wow-delay=\"0ms\" data-wow-iteration=\"1\" >\n\t\t<div class=\"wpb_wrapper\">\n\t\t\t[ivan_promo_box hover_effect=&#8221;dark-overlay&#8221; title=&#8221;Exposition and Mall Stands&#8221; button_link=&#8221;url:https%3A%2F%2Fwww.hesdesign.com.tr%2Fen%2Fservices%2Finterior-retail-coffee-shop-design%2F|title:Exposition%20and%20Mall%20Stands&#8221; animation_iteration=&#8221;1&#8243; c_id=&#8221;.vc_1680065366307&#8243; header_css=&#8221;font-size:22px;&#8221; css=&#8221;.vc_custom_1680065366307{padding-top: 200px !important;padding-bottom: 200px !important;background-color: rgba(17,17,17,0.4) !important;*background-color: rgb(17,17,17) !important;}&#8221;][\/ivan_promo_box]\n\t\t<\/div> <!-- END .wpb_wrapper -->\n\t<\/div> <!-- END  wpb_column vc_column_container  wow animated fadeInUp -->\n\n\t<div class=\"vc_col-sm-6 wpb_column vc_column_container  wow animated fadeInUp vc_custom_1632140689106\"  data-wow-delay=\"100ms\" data-wow-iteration=\"1\" >\n\t\t<div class=\"wpb_wrapper\">\n\t\t\t[ivan_promo_box hover_effect=&#8221;dark-overlay&#8221; title=&#8221;Interior Design and Application Services&#8221; button_link=&#8221;url:https%3A%2F%2Fwww.hesdesign.com.tr%2Fen%2Fservices%2F3d-render%2F|title:Interior%20Design%20and%20Application%20Services&#8221; animation_iteration=&#8221;1&#8243; c_id=&#8221;.vc_1680065496982&#8243; header_css=&#8221;font-size:22px;&#8221; css=&#8221;.vc_custom_1680065496982{padding-top: 200px !important;padding-bottom: 200px !important;background-color: rgba(17,17,17,0.4) !important;*background-color: rgb(17,17,17) !important;}&#8221;][\/ivan_promo_box]\n\t\t<\/div> <!-- END .wpb_wrapper -->\n\t<\/div> <!-- END  wpb_column vc_column_container  wow animated fadeInUp -->\n[\/vc_row][vc_row]\n\t<div class=\"vc_col-sm-12 wpb_column vc_column_container \"  data-wow-delay=\"0ms\">\n\t\t<div class=\"wpb_wrapper\">\n\t\t\t[vc_column_text][\/vc_column_text]\n\t\t<\/div> <!-- END .wpb_wrapper -->\n\t<\/div> <!-- END  wpb_column vc_column_container  -->\n[\/vc_row]<\/p>\n","protected":false},"excerpt":{"rendered":"<p>[vc_row full_width=&#8221;stretch_row_content&#8221; m_bottom=&#8221;0&#8243; css=&#8221;.vc_custom_1632334690397{padding-right: 4vw !important;padding-left: 4vw !important;}&#8221;][\/vc_row][vc_row full_width=&#8221;stretch_row_content&#8221; m_bottom=&#8221;0&#8243; css=&#8221;.vc_custom_1632334690397{padding-right: 4vw !important;padding-left: 4vw !important;}&#8221;][\/vc_row][vc_row full_width=&#8221;stretch_row_content&#8221; m_bottom=&#8221;0&#8243; css=&#8221;.vc_custom_1617298716356{padding-right: 4vw !important;padding-left: 4vw !important;}&#8221;][\/vc_row][vc_row][\/vc_row]<\/p>\n","protected":false},"author":1,"featured_media":0,"parent":0,"menu_order":0,"comment_status":"closed","ping_status":"closed","template":"","meta":{"_themeisle_gutenberg_block_has_review":false,"footnotes":""},"class_list":["post-7754","page","type-page","status-publish","hentry"],"yoast_head":"<!-- This site is optimized with the Yoast SEO plugin v24.3 - https:\/\/yoast.com\/wordpress\/plugins\/seo\/ -->\n<title>Services &#8212; HES Design<\/title>\n<meta name=\"robots\" content=\"index, follow, max-snippet:-1, max-image-preview:large, max-video-preview:-1\" \/>\n<link rel=\"canonical\" href=\"https:\/\/hesdesign.com.tr\/en\/services\/\" \/>\n<meta property=\"og:locale\" content=\"en_US\" \/>\n<meta property=\"og:type\" content=\"article\" \/>\n<meta property=\"og:title\" content=\"Services &#8212; HES Design\" \/>\n<meta property=\"og:description\" content=\"[vc_row full_width=&#8221;stretch_row_content&#8221; m_bottom=&#8221;0&#8243; css=&#8221;.vc_custom_1632334690397{padding-right: 4vw !important;padding-left: 4vw !important;}&#8221;][\/vc_row][vc_row full_width=&#8221;stretch_row_content&#8221; m_bottom=&#8221;0&#8243; css=&#8221;.vc_custom_1632334690397{padding-right: 4vw !important;padding-left: 4vw !important;}&#8221;][\/vc_row][vc_row full_width=&#8221;stretch_row_content&#8221; m_bottom=&#8221;0&#8243; css=&#8221;.vc_custom_1617298716356{padding-right: 4vw !important;padding-left: 4vw !important;}&#8221;][\/vc_row][vc_row][\/vc_row]\" \/>\n<meta property=\"og:url\" content=\"https:\/\/hesdesign.com.tr\/en\/services\/\" \/>\n<meta property=\"og:site_name\" content=\"HES Design\" \/>\n<meta property=\"article:publisher\" content=\"https:\/\/www.facebook.com\/hesdesign34\" \/>\n<meta property=\"article:modified_time\" content=\"2023-03-29T04:51:39+00:00\" \/>\n<meta name=\"twitter:card\" content=\"summary_large_image\" \/>\n<meta name=\"twitter:label1\" content=\"Est. reading time\" \/>\n\t<meta name=\"twitter:data1\" content=\"1 minute\" \/>\n<script type=\"application\/ld+json\" class=\"yoast-schema-graph\">{\"@context\":\"https:\/\/schema.org\",\"@graph\":[{\"@type\":\"WebPage\",\"@id\":\"https:\/\/hesdesign.com.tr\/en\/services\/\",\"url\":\"https:\/\/hesdesign.com.tr\/en\/services\/\",\"name\":\"Services &#8212; HES Design\",\"isPartOf\":{\"@id\":\"https:\/\/hesdesign.com.tr\/#website\"},\"datePublished\":\"2021-09-22T12:39:14+00:00\",\"dateModified\":\"2023-03-29T04:51:39+00:00\",\"breadcrumb\":{\"@id\":\"https:\/\/hesdesign.com.tr\/en\/services\/#breadcrumb\"},\"inLanguage\":\"en-US\",\"potentialAction\":[{\"@type\":\"ReadAction\",\"target\":[\"https:\/\/hesdesign.com.tr\/en\/services\/\"]}]},{\"@type\":\"BreadcrumbList\",\"@id\":\"https:\/\/hesdesign.com.tr\/en\/services\/#breadcrumb\",\"itemListElement\":[{\"@type\":\"ListItem\",\"position\":1,\"name\":\"Anasayfa\",\"item\":\"https:\/\/hesdesign.com.tr\/en\/\"},{\"@type\":\"ListItem\",\"position\":2,\"name\":\"Services\"}]},{\"@type\":\"WebSite\",\"@id\":\"https:\/\/hesdesign.com.tr\/#website\",\"url\":\"https:\/\/hesdesign.com.tr\/\",\"name\":\"HES Design\",\"description\":\"Firman\u0131za G\u00fc\u00e7 Kat\u0131n\",\"publisher\":{\"@id\":\"https:\/\/hesdesign.com.tr\/#organization\"},\"potentialAction\":[{\"@type\":\"SearchAction\",\"target\":{\"@type\":\"EntryPoint\",\"urlTemplate\":\"https:\/\/hesdesign.com.tr\/?s={search_term_string}\"},\"query-input\":{\"@type\":\"PropertyValueSpecification\",\"valueRequired\":true,\"valueName\":\"search_term_string\"}}],\"inLanguage\":\"en-US\"},{\"@type\":\"Organization\",\"@id\":\"https:\/\/hesdesign.com.tr\/#organization\",\"name\":\"HES Design\",\"url\":\"https:\/\/hesdesign.com.tr\/\",\"logo\":{\"@type\":\"ImageObject\",\"inLanguage\":\"en-US\",\"@id\":\"https:\/\/hesdesign.com.tr\/#\/schema\/logo\/image\/\",\"url\":\"https:\/\/www.hesdesign.com.tr\/wp-content\/uploads\/2021\/09\/hes-copy-2.png\",\"contentUrl\":\"https:\/\/www.hesdesign.com.tr\/wp-content\/uploads\/2021\/09\/hes-copy-2.png\",\"width\":300,\"height\":132,\"caption\":\"HES Design\"},\"image\":{\"@id\":\"https:\/\/hesdesign.com.tr\/#\/schema\/logo\/image\/\"},\"sameAs\":[\"https:\/\/www.facebook.com\/hesdesign34\",\"https:\/\/www.instagram.com\/hes_design_\/\",\"http:\/\/linkedin.com\/company\/hes-design\"]}]}<\/script>\n<!-- \/ Yoast SEO plugin. -->","yoast_head_json":{"title":"Services &#8212; HES Design","robots":{"index":"index","follow":"follow","max-snippet":"max-snippet:-1","max-image-preview":"max-image-preview:large","max-video-preview":"max-video-preview:-1"},"canonical":"https:\/\/hesdesign.com.tr\/en\/services\/","og_locale":"en_US","og_type":"article","og_title":"Services &#8212; HES Design","og_description":"[vc_row full_width=&#8221;stretch_row_content&#8221; m_bottom=&#8221;0&#8243; css=&#8221;.vc_custom_1632334690397{padding-right: 4vw !important;padding-left: 4vw !important;}&#8221;][\/vc_row][vc_row full_width=&#8221;stretch_row_content&#8221; m_bottom=&#8221;0&#8243; css=&#8221;.vc_custom_1632334690397{padding-right: 4vw !important;padding-left: 4vw !important;}&#8221;][\/vc_row][vc_row full_width=&#8221;stretch_row_content&#8221; m_bottom=&#8221;0&#8243; css=&#8221;.vc_custom_1617298716356{padding-right: 4vw !important;padding-left: 4vw !important;}&#8221;][\/vc_row][vc_row][\/vc_row]","og_url":"https:\/\/hesdesign.com.tr\/en\/services\/","og_site_name":"HES Design","article_publisher":"https:\/\/www.facebook.com\/hesdesign34","article_modified_time":"2023-03-29T04:51:39+00:00","twitter_card":"summary_large_image","twitter_misc":{"Est. reading time":"1 minute"},"schema":{"@context":"https:\/\/schema.org","@graph":[{"@type":"WebPage","@id":"https:\/\/hesdesign.com.tr\/en\/services\/","url":"https:\/\/hesdesign.com.tr\/en\/services\/","name":"Services &#8212; HES Design","isPartOf":{"@id":"https:\/\/hesdesign.com.tr\/#website"},"datePublished":"2021-09-22T12:39:14+00:00","dateModified":"2023-03-29T04:51:39+00:00","breadcrumb":{"@id":"https:\/\/hesdesign.com.tr\/en\/services\/#breadcrumb"},"inLanguage":"en-US","potentialAction":[{"@type":"ReadAction","target":["https:\/\/hesdesign.com.tr\/en\/services\/"]}]},{"@type":"BreadcrumbList","@id":"https:\/\/hesdesign.com.tr\/en\/services\/#breadcrumb","itemListElement":[{"@type":"ListItem","position":1,"name":"Anasayfa","item":"https:\/\/hesdesign.com.tr\/en\/"},{"@type":"ListItem","position":2,"name":"Services"}]},{"@type":"WebSite","@id":"https:\/\/hesdesign.com.tr\/#website","url":"https:\/\/hesdesign.com.tr\/","name":"HES Design","description":"Firman\u0131za G\u00fc\u00e7 Kat\u0131n","publisher":{"@id":"https:\/\/hesdesign.com.tr\/#organization"},"potentialAction":[{"@type":"SearchAction","target":{"@type":"EntryPoint","urlTemplate":"https:\/\/hesdesign.com.tr\/?s={search_term_string}"},"query-input":{"@type":"PropertyValueSpecification","valueRequired":true,"valueName":"search_term_string"}}],"inLanguage":"en-US"},{"@type":"Organization","@id":"https:\/\/hesdesign.com.tr\/#organization","name":"HES Design","url":"https:\/\/hesdesign.com.tr\/","logo":{"@type":"ImageObject","inLanguage":"en-US","@id":"https:\/\/hesdesign.com.tr\/#\/schema\/logo\/image\/","url":"https:\/\/www.hesdesign.com.tr\/wp-content\/uploads\/2021\/09\/hes-copy-2.png","contentUrl":"https:\/\/www.hesdesign.com.tr\/wp-content\/uploads\/2021\/09\/hes-copy-2.png","width":300,"height":132,"caption":"HES Design"},"image":{"@id":"https:\/\/hesdesign.com.tr\/#\/schema\/logo\/image\/"},"sameAs":["https:\/\/www.facebook.com\/hesdesign34","https:\/\/www.instagram.com\/hes_design_\/","http:\/\/linkedin.com\/company\/hes-design"]}]}},"_links":{"self":[{"href":"https:\/\/hesdesign.com.tr\/en\/wp-json\/wp\/v2\/pages\/7754","targetHints":{"allow":["GET"]}}],"collection":[{"href":"https:\/\/hesdesign.com.tr\/en\/wp-json\/wp\/v2\/pages"}],"about":[{"href":"https:\/\/hesdesign.com.tr\/en\/wp-json\/wp\/v2\/types\/page"}],"author":[{"embeddable":true,"href":"https:\/\/hesdesign.com.tr\/en\/wp-json\/wp\/v2\/users\/1"}],"replies":[{"embeddable":true,"href":"https:\/\/hesdesign.com.tr\/en\/wp-json\/wp\/v2\/comments?post=7754"}],"version-history":[{"count":7,"href":"https:\/\/hesdesign.com.tr\/en\/wp-json\/wp\/v2\/pages\/7754\/revisions"}],"predecessor-version":[{"id":9746,"href":"https:\/\/hesdesign.com.tr\/en\/wp-json\/wp\/v2\/pages\/7754\/revisions\/9746"}],"wp:attachment":[{"href":"https:\/\/hesdesign.com.tr\/en\/wp-json\/wp\/v2\/media?parent=7754"}],"curies":[{"name":"wp","href":"https:\/\/api.w.org\/{rel}","templated":true}]}}