{"id":7759,"date":"2021-10-05T09:39:30","date_gmt":"2021-10-05T09:39:30","guid":{"rendered":"https:\/\/www.hesdesign.com.tr\/?page_id=7759"},"modified":"2022-06-16T13:43:26","modified_gmt":"2022-06-16T10:43:26","slug":"3d-render","status":"publish","type":"page","link":"https:\/\/hesdesign.com.tr\/en\/services\/3d-render\/","title":{"rendered":"Interior Design and Application Services"},"content":{"rendered":"<p>[vc_row gap=&#8221;35&#8243;]\n\t<div class=\"vc_col-sm-2 wpb_column vc_column_container \"  data-wow-delay=\"0ms\">\n\t\t<div class=\"wpb_wrapper\">\n\t\t\t\n\t\t<\/div> <!-- END .wpb_wrapper -->\n\t<\/div> <!-- END  wpb_column vc_column_container  -->\n\n\t<div class=\"vc_col-sm-8 wpb_column vc_column_container \"  data-wow-delay=\"0ms\">\n\t\t<div class=\"wpb_wrapper\">\n\t\t\t[vc_column_text]Interior designs are important designs to represent a company\u2019s workplaces and soul. People should work where they feel safe and peaceful. Interior designs are important in customer related places like cafes or restaurants. As HES Designs, we manage both the professional design process and interior design application processes professionally. We aim to get the best results in 3D designs for representing the soul of a dream design by keeping an eye on little details. In interior design and application processes we have over 15 years of experience and managed to design most of the company&#8217;s life and workspaces.<\/p>\n<p>Our work&#8217;s first step is to decide the best design before the applications. With the help of computers, we create 3D models of designs to determine the best design and then we start the application process. Interior design application operations are cautious works, and every detail must be taken care of professionally. Our aim is to give people who will use that place, the best design for maximizing their performance.[\/vc_column_text][vc_single_image image=&#8221;7537&#8243; img_size=&#8221;full&#8221; alignment=&#8221;center&#8221;][vc_column_text]Choosing materials is an important step, preparation should be taken care of with expertise. In wooden designs we try to give a natural touch of the place. In metallic designs we aim to give an industrial and modern concept. In caf\u00e9 or restaurants, we design the place to look more attractive and in shops we try to design the place to get more customers.<\/p>\n<p>HES Design makes creative projects and innovative designs. In the application process we tend to be cautious because it is a job that takes discipline. We have years of experience in our field and worked with various companies around the world to give the best designs. Except interior designs our professional team in architectural decoration and project management field try their best to give your living spaces the life you want.[\/vc_column_text][vc_single_image image=&#8221;7538&#8243; img_size=&#8221;full&#8221; alignment=&#8221;center&#8221;][vc_empty_space]\n\t\t<\/div> <!-- END .wpb_wrapper -->\n\t<\/div> <!-- END  wpb_column vc_column_container  -->\n\n\t<div class=\"vc_col-sm-2 wpb_column vc_column_container \"  data-wow-delay=\"0ms\">\n\t\t<div class=\"wpb_wrapper\">\n\t\t\t\n\t\t<\/div> <!-- END .wpb_wrapper -->\n\t<\/div> <!-- END  wpb_column vc_column_container  -->\n[\/vc_row]<\/p>\n","protected":false},"excerpt":{"rendered":"<p>[vc_row gap=&#8221;35&#8243;][\/vc_row]<\/p>\n","protected":false},"author":1,"featured_media":0,"parent":7754,"menu_order":0,"comment_status":"closed","ping_status":"closed","template":"","meta":{"_themeisle_gutenberg_block_has_review":false,"footnotes":""},"class_list":["post-7759","page","type-page","status-publish","hentry"],"yoast_head":"<!-- This site is optimized with the Yoast SEO plugin v24.3 - https:\/\/yoast.com\/wordpress\/plugins\/seo\/ -->\n<title>Interior Design and Application Services &#8212; HES Design<\/title>\n<meta name=\"robots\" content=\"index, follow, max-snippet:-1, max-image-preview:large, max-video-preview:-1\" \/>\n<link rel=\"canonical\" href=\"https:\/\/hesdesign.com.tr\/en\/services\/3d-render\/\" \/>\n<meta property=\"og:locale\" content=\"en_US\" \/>\n<meta property=\"og:type\" content=\"article\" \/>\n<meta property=\"og:title\" content=\"Interior Design and Application Services &#8212; HES Design\" \/>\n<meta property=\"og:description\" content=\"[vc_row gap=&#8221;35&#8243;][\/vc_row]\" \/>\n<meta property=\"og:url\" content=\"https:\/\/hesdesign.com.tr\/en\/services\/3d-render\/\" \/>\n<meta property=\"og:site_name\" content=\"HES Design\" \/>\n<meta property=\"article:publisher\" content=\"https:\/\/www.facebook.com\/hesdesign34\" \/>\n<meta property=\"article:modified_time\" content=\"2022-06-16T10:43:26+00:00\" \/>\n<meta name=\"twitter:card\" content=\"summary_large_image\" \/>\n<meta name=\"twitter:label1\" content=\"Est. reading time\" \/>\n\t<meta name=\"twitter:data1\" content=\"2 minutes\" \/>\n<script type=\"application\/ld+json\" class=\"yoast-schema-graph\">{\"@context\":\"https:\/\/schema.org\",\"@graph\":[{\"@type\":\"WebPage\",\"@id\":\"https:\/\/hesdesign.com.tr\/en\/services\/3d-render\/\",\"url\":\"https:\/\/hesdesign.com.tr\/en\/services\/3d-render\/\",\"name\":\"Interior Design and Application Services &#8212; HES Design\",\"isPartOf\":{\"@id\":\"https:\/\/hesdesign.com.tr\/#website\"},\"datePublished\":\"2021-10-05T09:39:30+00:00\",\"dateModified\":\"2022-06-16T10:43:26+00:00\",\"breadcrumb\":{\"@id\":\"https:\/\/hesdesign.com.tr\/en\/services\/3d-render\/#breadcrumb\"},\"inLanguage\":\"en-US\",\"potentialAction\":[{\"@type\":\"ReadAction\",\"target\":[\"https:\/\/hesdesign.com.tr\/en\/services\/3d-render\/\"]}]},{\"@type\":\"BreadcrumbList\",\"@id\":\"https:\/\/hesdesign.com.tr\/en\/services\/3d-render\/#breadcrumb\",\"itemListElement\":[{\"@type\":\"ListItem\",\"position\":1,\"name\":\"Anasayfa\",\"item\":\"https:\/\/hesdesign.com.tr\/en\/\"},{\"@type\":\"ListItem\",\"position\":2,\"name\":\"Services\",\"item\":\"https:\/\/hesdesign.com.tr\/en\/services\/\"},{\"@type\":\"ListItem\",\"position\":3,\"name\":\"Interior Design and Application Services\"}]},{\"@type\":\"WebSite\",\"@id\":\"https:\/\/hesdesign.com.tr\/#website\",\"url\":\"https:\/\/hesdesign.com.tr\/\",\"name\":\"HES Design\",\"description\":\"Firman\u0131za G\u00fc\u00e7 Kat\u0131n\",\"publisher\":{\"@id\":\"https:\/\/hesdesign.com.tr\/#organization\"},\"potentialAction\":[{\"@type\":\"SearchAction\",\"target\":{\"@type\":\"EntryPoint\",\"urlTemplate\":\"https:\/\/hesdesign.com.tr\/?s={search_term_string}\"},\"query-input\":{\"@type\":\"PropertyValueSpecification\",\"valueRequired\":true,\"valueName\":\"search_term_string\"}}],\"inLanguage\":\"en-US\"},{\"@type\":\"Organization\",\"@id\":\"https:\/\/hesdesign.com.tr\/#organization\",\"name\":\"HES Design\",\"url\":\"https:\/\/hesdesign.com.tr\/\",\"logo\":{\"@type\":\"ImageObject\",\"inLanguage\":\"en-US\",\"@id\":\"https:\/\/hesdesign.com.tr\/#\/schema\/logo\/image\/\",\"url\":\"https:\/\/www.hesdesign.com.tr\/wp-content\/uploads\/2021\/09\/hes-copy-2.png\",\"contentUrl\":\"https:\/\/www.hesdesign.com.tr\/wp-content\/uploads\/2021\/09\/hes-copy-2.png\",\"width\":300,\"height\":132,\"caption\":\"HES Design\"},\"image\":{\"@id\":\"https:\/\/hesdesign.com.tr\/#\/schema\/logo\/image\/\"},\"sameAs\":[\"https:\/\/www.facebook.com\/hesdesign34\",\"https:\/\/www.instagram.com\/hes_design_\/\",\"http:\/\/linkedin.com\/company\/hes-design\"]}]}<\/script>\n<!-- \/ Yoast SEO plugin. -->","yoast_head_json":{"title":"Interior Design and Application Services &#8212; HES Design","robots":{"index":"index","follow":"follow","max-snippet":"max-snippet:-1","max-image-preview":"max-image-preview:large","max-video-preview":"max-video-preview:-1"},"canonical":"https:\/\/hesdesign.com.tr\/en\/services\/3d-render\/","og_locale":"en_US","og_type":"article","og_title":"Interior Design and Application Services &#8212; HES Design","og_description":"[vc_row gap=&#8221;35&#8243;][\/vc_row]","og_url":"https:\/\/hesdesign.com.tr\/en\/services\/3d-render\/","og_site_name":"HES Design","article_publisher":"https:\/\/www.facebook.com\/hesdesign34","article_modified_time":"2022-06-16T10:43:26+00:00","twitter_card":"summary_large_image","twitter_misc":{"Est. reading time":"2 minutes"},"schema":{"@context":"https:\/\/schema.org","@graph":[{"@type":"WebPage","@id":"https:\/\/hesdesign.com.tr\/en\/services\/3d-render\/","url":"https:\/\/hesdesign.com.tr\/en\/services\/3d-render\/","name":"Interior Design and Application Services &#8212; HES Design","isPartOf":{"@id":"https:\/\/hesdesign.com.tr\/#website"},"datePublished":"2021-10-05T09:39:30+00:00","dateModified":"2022-06-16T10:43:26+00:00","breadcrumb":{"@id":"https:\/\/hesdesign.com.tr\/en\/services\/3d-render\/#breadcrumb"},"inLanguage":"en-US","potentialAction":[{"@type":"ReadAction","target":["https:\/\/hesdesign.com.tr\/en\/services\/3d-render\/"]}]},{"@type":"BreadcrumbList","@id":"https:\/\/hesdesign.com.tr\/en\/services\/3d-render\/#breadcrumb","itemListElement":[{"@type":"ListItem","position":1,"name":"Anasayfa","item":"https:\/\/hesdesign.com.tr\/en\/"},{"@type":"ListItem","position":2,"name":"Services","item":"https:\/\/hesdesign.com.tr\/en\/services\/"},{"@type":"ListItem","position":3,"name":"Interior Design and Application Services"}]},{"@type":"WebSite","@id":"https:\/\/hesdesign.com.tr\/#website","url":"https:\/\/hesdesign.com.tr\/","name":"HES Design","description":"Firman\u0131za G\u00fc\u00e7 Kat\u0131n","publisher":{"@id":"https:\/\/hesdesign.com.tr\/#organization"},"potentialAction":[{"@type":"SearchAction","target":{"@type":"EntryPoint","urlTemplate":"https:\/\/hesdesign.com.tr\/?s={search_term_string}"},"query-input":{"@type":"PropertyValueSpecification","valueRequired":true,"valueName":"search_term_string"}}],"inLanguage":"en-US"},{"@type":"Organization","@id":"https:\/\/hesdesign.com.tr\/#organization","name":"HES Design","url":"https:\/\/hesdesign.com.tr\/","logo":{"@type":"ImageObject","inLanguage":"en-US","@id":"https:\/\/hesdesign.com.tr\/#\/schema\/logo\/image\/","url":"https:\/\/www.hesdesign.com.tr\/wp-content\/uploads\/2021\/09\/hes-copy-2.png","contentUrl":"https:\/\/www.hesdesign.com.tr\/wp-content\/uploads\/2021\/09\/hes-copy-2.png","width":300,"height":132,"caption":"HES Design"},"image":{"@id":"https:\/\/hesdesign.com.tr\/#\/schema\/logo\/image\/"},"sameAs":["https:\/\/www.facebook.com\/hesdesign34","https:\/\/www.instagram.com\/hes_design_\/","http:\/\/linkedin.com\/company\/hes-design"]}]}},"_links":{"self":[{"href":"https:\/\/hesdesign.com.tr\/en\/wp-json\/wp\/v2\/pages\/7759","targetHints":{"allow":["GET"]}}],"collection":[{"href":"https:\/\/hesdesign.com.tr\/en\/wp-json\/wp\/v2\/pages"}],"about":[{"href":"https:\/\/hesdesign.com.tr\/en\/wp-json\/wp\/v2\/types\/page"}],"author":[{"embeddable":true,"href":"https:\/\/hesdesign.com.tr\/en\/wp-json\/wp\/v2\/users\/1"}],"replies":[{"embeddable":true,"href":"https:\/\/hesdesign.com.tr\/en\/wp-json\/wp\/v2\/comments?post=7759"}],"version-history":[{"count":4,"href":"https:\/\/hesdesign.com.tr\/en\/wp-json\/wp\/v2\/pages\/7759\/revisions"}],"predecessor-version":[{"id":8764,"href":"https:\/\/hesdesign.com.tr\/en\/wp-json\/wp\/v2\/pages\/7759\/revisions\/8764"}],"up":[{"embeddable":true,"href":"https:\/\/hesdesign.com.tr\/en\/wp-json\/wp\/v2\/pages\/7754"}],"wp:attachment":[{"href":"https:\/\/hesdesign.com.tr\/en\/wp-json\/wp\/v2\/media?parent=7759"}],"curies":[{"name":"wp","href":"https:\/\/api.w.org\/{rel}","templated":true}]}}