{"id":7762,"date":"2021-10-05T09:41:04","date_gmt":"2021-10-05T09:41:04","guid":{"rendered":"https:\/\/www.hesdesign.com.tr\/?page_id=7762"},"modified":"2022-08-25T10:52:25","modified_gmt":"2022-08-25T07:52:25","slug":"industrial-design","status":"publish","type":"page","link":"https:\/\/hesdesign.com.tr\/en\/services\/industrial-design\/","title":{"rendered":"Fair Stand Project Management Services"},"content":{"rendered":"<p>[vc_row gap=&#8221;35&#8243;]\n\t<div class=\"vc_col-sm-2 wpb_column vc_column_container \"  data-wow-delay=\"0ms\">\n\t\t<div class=\"wpb_wrapper\">\n\t\t\t\n\t\t<\/div> <!-- END .wpb_wrapper -->\n\t<\/div> <!-- END  wpb_column vc_column_container  -->\n\n\t<div class=\"vc_col-sm-8 wpb_column vc_column_container \"  data-wow-delay=\"0ms\">\n\t\t<div class=\"wpb_wrapper\">\n\t\t\t[vc_column_text]Fair stand design and applications are parts of the course. Fair stand project management is the head of a project that needs to be done with discipline. A brand who attends a fair always wants to reach their visitors. It is important to contact visitors in the fair area. It is important that a fair stand must be assembled professionally and managed with expertise. Logistics are one of the important factors for event areas and making the right price choices are key to success.<\/p>\n<p>A fair stand project management service starts with a briefing of a project. Beginning of a design idea in a process of fair project management is highly important for fair stand companies and their partner brand companies to work together with positive communication to achieve success. In the design process, a project management period must be done accordingly with fair stand specifications. A fair stand organizer&#8217;s rules and deadlines are highly important. In the process there are dates and permissions to consider before buying the materials. After materials are received the management process of the stand can begin accordingly with the plan.<\/p>\n<p>One of the most important factors of trade show operations project management is logistics. Fairs that are both in Turkey and abroad logistic period must be completed with no problems. It is very important for firms who are attending the event. Logistic is an important process with assemble and disassemble factors within it. For completing these courses, it requires experience in the field. Working with professionals provides a successful period in fairs and gets you the maximum performance.[\/vc_column_text][vc_single_image image=&#8221;8708&#8243; img_size=&#8221;full&#8221; alignment=&#8221;center&#8221;][vc_column_text]Last part of project management is the stand delivery process. After finishing the installation for the stand to be perfect required for completing the work. For visitors to get the best experience and information the brand wanted, designed stands and their compatibility with the fair must be coherent in order to get the best work out of a stand. Before the fair starts the organization of a stand must be prepared with a professional approach to make solutions and increase customer relations. They are all part of a successful project management plan.<\/p>\n<p>As HES Design we have worked with various companies in the fair stand project management field for over 15 years. Our bases are located in Turkey and Germany; with our professional team we provide the best work possible in event periods. Accordingly, with deadlines we work closely with our companies and fair organizers to get the best work out of us. We take into consideration many things like price ranges, assembling and logistics. Every step-in project management we are here with our partner companies. We have attended both domestic and abroad fair events to know that project management is a very important factor of fair services.<\/p>\n<p>[\/vc_column_text][vc_empty_space]\n\t\t<\/div> <!-- END .wpb_wrapper -->\n\t<\/div> <!-- END  wpb_column vc_column_container  -->\n\n\t<div class=\"vc_col-sm-2 wpb_column vc_column_container \"  data-wow-delay=\"0ms\">\n\t\t<div class=\"wpb_wrapper\">\n\t\t\t\n\t\t<\/div> <!-- END .wpb_wrapper -->\n\t<\/div> <!-- END  wpb_column vc_column_container  -->\n[\/vc_row]<\/p>\n","protected":false},"excerpt":{"rendered":"<p>[vc_row gap=&#8221;35&#8243;][\/vc_row]<\/p>\n","protected":false},"author":1,"featured_media":0,"parent":7754,"menu_order":0,"comment_status":"closed","ping_status":"closed","template":"","meta":{"_themeisle_gutenberg_block_has_review":false,"footnotes":""},"class_list":["post-7762","page","type-page","status-publish","hentry"],"yoast_head":"<!-- This site is optimized with the Yoast SEO plugin v24.3 - https:\/\/yoast.com\/wordpress\/plugins\/seo\/ -->\n<title>Fair Stand Project Management Services &#8212; HES Design<\/title>\n<meta name=\"robots\" content=\"index, follow, max-snippet:-1, max-image-preview:large, max-video-preview:-1\" \/>\n<link rel=\"canonical\" href=\"https:\/\/hesdesign.com.tr\/en\/services\/industrial-design\/\" \/>\n<meta property=\"og:locale\" content=\"en_US\" \/>\n<meta property=\"og:type\" content=\"article\" \/>\n<meta property=\"og:title\" content=\"Fair Stand Project Management Services &#8212; HES Design\" \/>\n<meta property=\"og:description\" content=\"[vc_row gap=&#8221;35&#8243;][\/vc_row]\" \/>\n<meta property=\"og:url\" content=\"https:\/\/hesdesign.com.tr\/en\/services\/industrial-design\/\" \/>\n<meta property=\"og:site_name\" content=\"HES Design\" \/>\n<meta property=\"article:publisher\" content=\"https:\/\/www.facebook.com\/hesdesign34\" \/>\n<meta property=\"article:modified_time\" content=\"2022-08-25T07:52:25+00:00\" \/>\n<meta name=\"twitter:card\" content=\"summary_large_image\" \/>\n<meta name=\"twitter:label1\" content=\"Est. reading time\" \/>\n\t<meta name=\"twitter:data1\" content=\"3 minutes\" \/>\n<script type=\"application\/ld+json\" class=\"yoast-schema-graph\">{\"@context\":\"https:\/\/schema.org\",\"@graph\":[{\"@type\":\"WebPage\",\"@id\":\"https:\/\/hesdesign.com.tr\/en\/services\/industrial-design\/\",\"url\":\"https:\/\/hesdesign.com.tr\/en\/services\/industrial-design\/\",\"name\":\"Fair Stand Project Management Services &#8212; HES Design\",\"isPartOf\":{\"@id\":\"https:\/\/hesdesign.com.tr\/#website\"},\"datePublished\":\"2021-10-05T09:41:04+00:00\",\"dateModified\":\"2022-08-25T07:52:25+00:00\",\"breadcrumb\":{\"@id\":\"https:\/\/hesdesign.com.tr\/en\/services\/industrial-design\/#breadcrumb\"},\"inLanguage\":\"en-US\",\"potentialAction\":[{\"@type\":\"ReadAction\",\"target\":[\"https:\/\/hesdesign.com.tr\/en\/services\/industrial-design\/\"]}]},{\"@type\":\"BreadcrumbList\",\"@id\":\"https:\/\/hesdesign.com.tr\/en\/services\/industrial-design\/#breadcrumb\",\"itemListElement\":[{\"@type\":\"ListItem\",\"position\":1,\"name\":\"Anasayfa\",\"item\":\"https:\/\/hesdesign.com.tr\/en\/\"},{\"@type\":\"ListItem\",\"position\":2,\"name\":\"Services\",\"item\":\"https:\/\/hesdesign.com.tr\/en\/services\/\"},{\"@type\":\"ListItem\",\"position\":3,\"name\":\"Fair Stand Project Management Services\"}]},{\"@type\":\"WebSite\",\"@id\":\"https:\/\/hesdesign.com.tr\/#website\",\"url\":\"https:\/\/hesdesign.com.tr\/\",\"name\":\"HES Design\",\"description\":\"Firman\u0131za G\u00fc\u00e7 Kat\u0131n\",\"publisher\":{\"@id\":\"https:\/\/hesdesign.com.tr\/#organization\"},\"potentialAction\":[{\"@type\":\"SearchAction\",\"target\":{\"@type\":\"EntryPoint\",\"urlTemplate\":\"https:\/\/hesdesign.com.tr\/?s={search_term_string}\"},\"query-input\":{\"@type\":\"PropertyValueSpecification\",\"valueRequired\":true,\"valueName\":\"search_term_string\"}}],\"inLanguage\":\"en-US\"},{\"@type\":\"Organization\",\"@id\":\"https:\/\/hesdesign.com.tr\/#organization\",\"name\":\"HES Design\",\"url\":\"https:\/\/hesdesign.com.tr\/\",\"logo\":{\"@type\":\"ImageObject\",\"inLanguage\":\"en-US\",\"@id\":\"https:\/\/hesdesign.com.tr\/#\/schema\/logo\/image\/\",\"url\":\"https:\/\/www.hesdesign.com.tr\/wp-content\/uploads\/2021\/09\/hes-copy-2.png\",\"contentUrl\":\"https:\/\/www.hesdesign.com.tr\/wp-content\/uploads\/2021\/09\/hes-copy-2.png\",\"width\":300,\"height\":132,\"caption\":\"HES Design\"},\"image\":{\"@id\":\"https:\/\/hesdesign.com.tr\/#\/schema\/logo\/image\/\"},\"sameAs\":[\"https:\/\/www.facebook.com\/hesdesign34\",\"https:\/\/www.instagram.com\/hes_design_\/\",\"http:\/\/linkedin.com\/company\/hes-design\"]}]}<\/script>\n<!-- \/ Yoast SEO plugin. -->","yoast_head_json":{"title":"Fair Stand Project Management Services &#8212; HES Design","robots":{"index":"index","follow":"follow","max-snippet":"max-snippet:-1","max-image-preview":"max-image-preview:large","max-video-preview":"max-video-preview:-1"},"canonical":"https:\/\/hesdesign.com.tr\/en\/services\/industrial-design\/","og_locale":"en_US","og_type":"article","og_title":"Fair Stand Project Management Services &#8212; HES Design","og_description":"[vc_row gap=&#8221;35&#8243;][\/vc_row]","og_url":"https:\/\/hesdesign.com.tr\/en\/services\/industrial-design\/","og_site_name":"HES Design","article_publisher":"https:\/\/www.facebook.com\/hesdesign34","article_modified_time":"2022-08-25T07:52:25+00:00","twitter_card":"summary_large_image","twitter_misc":{"Est. reading time":"3 minutes"},"schema":{"@context":"https:\/\/schema.org","@graph":[{"@type":"WebPage","@id":"https:\/\/hesdesign.com.tr\/en\/services\/industrial-design\/","url":"https:\/\/hesdesign.com.tr\/en\/services\/industrial-design\/","name":"Fair Stand Project Management Services &#8212; HES Design","isPartOf":{"@id":"https:\/\/hesdesign.com.tr\/#website"},"datePublished":"2021-10-05T09:41:04+00:00","dateModified":"2022-08-25T07:52:25+00:00","breadcrumb":{"@id":"https:\/\/hesdesign.com.tr\/en\/services\/industrial-design\/#breadcrumb"},"inLanguage":"en-US","potentialAction":[{"@type":"ReadAction","target":["https:\/\/hesdesign.com.tr\/en\/services\/industrial-design\/"]}]},{"@type":"BreadcrumbList","@id":"https:\/\/hesdesign.com.tr\/en\/services\/industrial-design\/#breadcrumb","itemListElement":[{"@type":"ListItem","position":1,"name":"Anasayfa","item":"https:\/\/hesdesign.com.tr\/en\/"},{"@type":"ListItem","position":2,"name":"Services","item":"https:\/\/hesdesign.com.tr\/en\/services\/"},{"@type":"ListItem","position":3,"name":"Fair Stand Project Management Services"}]},{"@type":"WebSite","@id":"https:\/\/hesdesign.com.tr\/#website","url":"https:\/\/hesdesign.com.tr\/","name":"HES Design","description":"Firman\u0131za G\u00fc\u00e7 Kat\u0131n","publisher":{"@id":"https:\/\/hesdesign.com.tr\/#organization"},"potentialAction":[{"@type":"SearchAction","target":{"@type":"EntryPoint","urlTemplate":"https:\/\/hesdesign.com.tr\/?s={search_term_string}"},"query-input":{"@type":"PropertyValueSpecification","valueRequired":true,"valueName":"search_term_string"}}],"inLanguage":"en-US"},{"@type":"Organization","@id":"https:\/\/hesdesign.com.tr\/#organization","name":"HES Design","url":"https:\/\/hesdesign.com.tr\/","logo":{"@type":"ImageObject","inLanguage":"en-US","@id":"https:\/\/hesdesign.com.tr\/#\/schema\/logo\/image\/","url":"https:\/\/www.hesdesign.com.tr\/wp-content\/uploads\/2021\/09\/hes-copy-2.png","contentUrl":"https:\/\/www.hesdesign.com.tr\/wp-content\/uploads\/2021\/09\/hes-copy-2.png","width":300,"height":132,"caption":"HES Design"},"image":{"@id":"https:\/\/hesdesign.com.tr\/#\/schema\/logo\/image\/"},"sameAs":["https:\/\/www.facebook.com\/hesdesign34","https:\/\/www.instagram.com\/hes_design_\/","http:\/\/linkedin.com\/company\/hes-design"]}]}},"_links":{"self":[{"href":"https:\/\/hesdesign.com.tr\/en\/wp-json\/wp\/v2\/pages\/7762","targetHints":{"allow":["GET"]}}],"collection":[{"href":"https:\/\/hesdesign.com.tr\/en\/wp-json\/wp\/v2\/pages"}],"about":[{"href":"https:\/\/hesdesign.com.tr\/en\/wp-json\/wp\/v2\/types\/page"}],"author":[{"embeddable":true,"href":"https:\/\/hesdesign.com.tr\/en\/wp-json\/wp\/v2\/users\/1"}],"replies":[{"embeddable":true,"href":"https:\/\/hesdesign.com.tr\/en\/wp-json\/wp\/v2\/comments?post=7762"}],"version-history":[{"count":5,"href":"https:\/\/hesdesign.com.tr\/en\/wp-json\/wp\/v2\/pages\/7762\/revisions"}],"predecessor-version":[{"id":8977,"href":"https:\/\/hesdesign.com.tr\/en\/wp-json\/wp\/v2\/pages\/7762\/revisions\/8977"}],"up":[{"embeddable":true,"href":"https:\/\/hesdesign.com.tr\/en\/wp-json\/wp\/v2\/pages\/7754"}],"wp:attachment":[{"href":"https:\/\/hesdesign.com.tr\/en\/wp-json\/wp\/v2\/media?parent=7762"}],"curies":[{"name":"wp","href":"https:\/\/api.w.org\/{rel}","templated":true}]}}