{"id":7770,"date":"2021-10-05T09:44:40","date_gmt":"2021-10-05T09:44:40","guid":{"rendered":"https:\/\/www.hesdesign.com.tr\/?page_id=7770"},"modified":"2022-06-16T13:39:12","modified_gmt":"2022-06-16T10:39:12","slug":"exhibiton-stands-displays","status":"publish","type":"page","link":"https:\/\/hesdesign.com.tr\/en\/services\/exhibiton-stands-displays\/","title":{"rendered":"Fair Stand Design Services"},"content":{"rendered":"<p>[vc_row gap=&#8221;35&#8243;]\n\t<div class=\"vc_col-sm-2 wpb_column vc_column_container \"  data-wow-delay=\"0ms\">\n\t\t<div class=\"wpb_wrapper\">\n\t\t\t\n\t\t<\/div> <!-- END .wpb_wrapper -->\n\t<\/div> <!-- END  wpb_column vc_column_container  -->\n\n\t<div class=\"vc_col-sm-8 wpb_column vc_column_container \"  data-wow-delay=\"0ms\">\n\t\t<div class=\"wpb_wrapper\">\n\t\t\t[vc_column_text]Fair stand designs are important for a firm to get a showroom concept in fairs. Fair stand designs are here for the field operations and event areas, they help designing projects for the needs of the event. Stand designs can be focused on the firm or the brand and it can be focused on the trade show organizations. Fairs can host firms that have a competition within the field so that stand designs can be very helpful for a brand to show their best. Fair stands with an office and experience are secret heroes and key to success. Before fair organizations, fair stand designs must be taken care of seriously. Architecture look, sizes and shapes are important factors to consider. The product should design with detail, it must be spacious, high-quality, and conspicuous. Therefore, it must be taken care of by professionals.<\/p>\n<p>In a fair stand design the most important aspect is a design that can resemble a brand&#8217;s identity. Designing brands&#8217; stand idea is the best way to represent the idea of it. One of the most important things of a brand&#8217;s fair stand design is to present its identity in detail and make it recognizable. All the details of a design like colours, plating, and materials must be a whole to fully show its potential. The outcome of a design must intrigue the visitors and it should give information about the brand. A stand design should represent a firm\u2019s prestige and it must be done professionally by firms who are experts in the fair stand design field.[\/vc_column_text][vc_single_image image=&#8221;7513&#8243; img_size=&#8221;full&#8221; alignment=&#8221;center&#8221;][vc_column_text]Stand ideas like wooden, modular, or different kinds of designs can make a difference when it is combined with firms\u2019 identity. As for colors, lightning, and placement we are very cautious about technical specifications. We usually make our designs after we examine the event&#8217;s theme and technical structure. We can get the attention of the visitors to your firm&#8217;s designs by making it modern and spacious.<\/p>\n<p>There can be various answers to the question of how to create a fair stand design. Brands with unique fair stand design can get highly positive feedback from their visitors in the events and present their product more efficiently. HES Design can provide a 3D modelling, rendering, technical drawings to make your dream ideas come true. In design periods we make sure it is intriguing, full of interesting ideas and creating the designs that will represent the brand&#8217;s ideas better.<\/p>\n<p>Our difference from any other design firms is that we do not see the designing as a small part of the job but rather we take it very seriously. That is why in both domestic and abroad fairs firms choose HES Design as their number one choice. In fairs or other organizations, we make concept designs with innovative and professional techniques to provide the best of us.[\/vc_column_text][vc_empty_space]\n\t\t<\/div> <!-- END .wpb_wrapper -->\n\t<\/div> <!-- END  wpb_column vc_column_container  -->\n\n\t<div class=\"vc_col-sm-2 wpb_column vc_column_container \"  data-wow-delay=\"0ms\">\n\t\t<div class=\"wpb_wrapper\">\n\t\t\t\n\t\t<\/div> <!-- END .wpb_wrapper -->\n\t<\/div> <!-- END  wpb_column vc_column_container  -->\n[\/vc_row]<\/p>\n","protected":false},"excerpt":{"rendered":"<p>[vc_row gap=&#8221;35&#8243;][\/vc_row]<\/p>\n","protected":false},"author":1,"featured_media":0,"parent":7754,"menu_order":0,"comment_status":"closed","ping_status":"closed","template":"","meta":{"_themeisle_gutenberg_block_has_review":false,"footnotes":""},"class_list":["post-7770","page","type-page","status-publish","hentry"],"yoast_head":"<!-- This site is optimized with the Yoast SEO plugin v24.3 - https:\/\/yoast.com\/wordpress\/plugins\/seo\/ -->\n<title>Fair Stand Design Services &#8212; HES Design<\/title>\n<meta name=\"description\" content=\"Fair stand designs are important for a firm to get a showroom concept in fairs. Stand designs can be focused on the firm or the brand.\" \/>\n<meta name=\"robots\" content=\"index, follow, max-snippet:-1, max-image-preview:large, max-video-preview:-1\" \/>\n<link rel=\"canonical\" href=\"https:\/\/hesdesign.com.tr\/en\/services\/exhibiton-stands-displays\/\" \/>\n<meta property=\"og:locale\" content=\"en_US\" \/>\n<meta property=\"og:type\" content=\"article\" \/>\n<meta property=\"og:title\" content=\"Fair Stand Design Services &#8212; HES Design\" \/>\n<meta property=\"og:description\" content=\"Fair stand designs are important for a firm to get a showroom concept in fairs. Stand designs can be focused on the firm or the brand.\" \/>\n<meta property=\"og:url\" content=\"https:\/\/hesdesign.com.tr\/en\/services\/exhibiton-stands-displays\/\" \/>\n<meta property=\"og:site_name\" content=\"HES Design\" \/>\n<meta property=\"article:publisher\" content=\"https:\/\/www.facebook.com\/hesdesign34\" \/>\n<meta property=\"article:modified_time\" content=\"2022-06-16T10:39:12+00:00\" \/>\n<meta name=\"twitter:card\" content=\"summary_large_image\" \/>\n<meta name=\"twitter:label1\" content=\"Est. reading time\" \/>\n\t<meta name=\"twitter:data1\" content=\"3 minutes\" \/>\n<script type=\"application\/ld+json\" class=\"yoast-schema-graph\">{\"@context\":\"https:\/\/schema.org\",\"@graph\":[{\"@type\":\"WebPage\",\"@id\":\"https:\/\/hesdesign.com.tr\/en\/services\/exhibiton-stands-displays\/\",\"url\":\"https:\/\/hesdesign.com.tr\/en\/services\/exhibiton-stands-displays\/\",\"name\":\"Fair Stand Design Services &#8212; HES Design\",\"isPartOf\":{\"@id\":\"https:\/\/hesdesign.com.tr\/#website\"},\"datePublished\":\"2021-10-05T09:44:40+00:00\",\"dateModified\":\"2022-06-16T10:39:12+00:00\",\"description\":\"Fair stand designs are important for a firm to get a showroom concept in fairs. Stand designs can be focused on the firm or the brand.\",\"breadcrumb\":{\"@id\":\"https:\/\/hesdesign.com.tr\/en\/services\/exhibiton-stands-displays\/#breadcrumb\"},\"inLanguage\":\"en-US\",\"potentialAction\":[{\"@type\":\"ReadAction\",\"target\":[\"https:\/\/hesdesign.com.tr\/en\/services\/exhibiton-stands-displays\/\"]}]},{\"@type\":\"BreadcrumbList\",\"@id\":\"https:\/\/hesdesign.com.tr\/en\/services\/exhibiton-stands-displays\/#breadcrumb\",\"itemListElement\":[{\"@type\":\"ListItem\",\"position\":1,\"name\":\"Anasayfa\",\"item\":\"https:\/\/hesdesign.com.tr\/en\/\"},{\"@type\":\"ListItem\",\"position\":2,\"name\":\"Services\",\"item\":\"https:\/\/hesdesign.com.tr\/en\/services\/\"},{\"@type\":\"ListItem\",\"position\":3,\"name\":\"Fair Stand Design Services\"}]},{\"@type\":\"WebSite\",\"@id\":\"https:\/\/hesdesign.com.tr\/#website\",\"url\":\"https:\/\/hesdesign.com.tr\/\",\"name\":\"HES Design\",\"description\":\"Firman\u0131za G\u00fc\u00e7 Kat\u0131n\",\"publisher\":{\"@id\":\"https:\/\/hesdesign.com.tr\/#organization\"},\"potentialAction\":[{\"@type\":\"SearchAction\",\"target\":{\"@type\":\"EntryPoint\",\"urlTemplate\":\"https:\/\/hesdesign.com.tr\/?s={search_term_string}\"},\"query-input\":{\"@type\":\"PropertyValueSpecification\",\"valueRequired\":true,\"valueName\":\"search_term_string\"}}],\"inLanguage\":\"en-US\"},{\"@type\":\"Organization\",\"@id\":\"https:\/\/hesdesign.com.tr\/#organization\",\"name\":\"HES Design\",\"url\":\"https:\/\/hesdesign.com.tr\/\",\"logo\":{\"@type\":\"ImageObject\",\"inLanguage\":\"en-US\",\"@id\":\"https:\/\/hesdesign.com.tr\/#\/schema\/logo\/image\/\",\"url\":\"https:\/\/www.hesdesign.com.tr\/wp-content\/uploads\/2021\/09\/hes-copy-2.png\",\"contentUrl\":\"https:\/\/www.hesdesign.com.tr\/wp-content\/uploads\/2021\/09\/hes-copy-2.png\",\"width\":300,\"height\":132,\"caption\":\"HES Design\"},\"image\":{\"@id\":\"https:\/\/hesdesign.com.tr\/#\/schema\/logo\/image\/\"},\"sameAs\":[\"https:\/\/www.facebook.com\/hesdesign34\",\"https:\/\/www.instagram.com\/hes_design_\/\",\"http:\/\/linkedin.com\/company\/hes-design\"]}]}<\/script>\n<!-- \/ Yoast SEO plugin. -->","yoast_head_json":{"title":"Fair Stand Design Services &#8212; HES Design","description":"Fair stand designs are important for a firm to get a showroom concept in fairs. Stand designs can be focused on the firm or the brand.","robots":{"index":"index","follow":"follow","max-snippet":"max-snippet:-1","max-image-preview":"max-image-preview:large","max-video-preview":"max-video-preview:-1"},"canonical":"https:\/\/hesdesign.com.tr\/en\/services\/exhibiton-stands-displays\/","og_locale":"en_US","og_type":"article","og_title":"Fair Stand Design Services &#8212; HES Design","og_description":"Fair stand designs are important for a firm to get a showroom concept in fairs. Stand designs can be focused on the firm or the brand.","og_url":"https:\/\/hesdesign.com.tr\/en\/services\/exhibiton-stands-displays\/","og_site_name":"HES Design","article_publisher":"https:\/\/www.facebook.com\/hesdesign34","article_modified_time":"2022-06-16T10:39:12+00:00","twitter_card":"summary_large_image","twitter_misc":{"Est. reading time":"3 minutes"},"schema":{"@context":"https:\/\/schema.org","@graph":[{"@type":"WebPage","@id":"https:\/\/hesdesign.com.tr\/en\/services\/exhibiton-stands-displays\/","url":"https:\/\/hesdesign.com.tr\/en\/services\/exhibiton-stands-displays\/","name":"Fair Stand Design Services &#8212; HES Design","isPartOf":{"@id":"https:\/\/hesdesign.com.tr\/#website"},"datePublished":"2021-10-05T09:44:40+00:00","dateModified":"2022-06-16T10:39:12+00:00","description":"Fair stand designs are important for a firm to get a showroom concept in fairs. Stand designs can be focused on the firm or the brand.","breadcrumb":{"@id":"https:\/\/hesdesign.com.tr\/en\/services\/exhibiton-stands-displays\/#breadcrumb"},"inLanguage":"en-US","potentialAction":[{"@type":"ReadAction","target":["https:\/\/hesdesign.com.tr\/en\/services\/exhibiton-stands-displays\/"]}]},{"@type":"BreadcrumbList","@id":"https:\/\/hesdesign.com.tr\/en\/services\/exhibiton-stands-displays\/#breadcrumb","itemListElement":[{"@type":"ListItem","position":1,"name":"Anasayfa","item":"https:\/\/hesdesign.com.tr\/en\/"},{"@type":"ListItem","position":2,"name":"Services","item":"https:\/\/hesdesign.com.tr\/en\/services\/"},{"@type":"ListItem","position":3,"name":"Fair Stand Design Services"}]},{"@type":"WebSite","@id":"https:\/\/hesdesign.com.tr\/#website","url":"https:\/\/hesdesign.com.tr\/","name":"HES Design","description":"Firman\u0131za G\u00fc\u00e7 Kat\u0131n","publisher":{"@id":"https:\/\/hesdesign.com.tr\/#organization"},"potentialAction":[{"@type":"SearchAction","target":{"@type":"EntryPoint","urlTemplate":"https:\/\/hesdesign.com.tr\/?s={search_term_string}"},"query-input":{"@type":"PropertyValueSpecification","valueRequired":true,"valueName":"search_term_string"}}],"inLanguage":"en-US"},{"@type":"Organization","@id":"https:\/\/hesdesign.com.tr\/#organization","name":"HES Design","url":"https:\/\/hesdesign.com.tr\/","logo":{"@type":"ImageObject","inLanguage":"en-US","@id":"https:\/\/hesdesign.com.tr\/#\/schema\/logo\/image\/","url":"https:\/\/www.hesdesign.com.tr\/wp-content\/uploads\/2021\/09\/hes-copy-2.png","contentUrl":"https:\/\/www.hesdesign.com.tr\/wp-content\/uploads\/2021\/09\/hes-copy-2.png","width":300,"height":132,"caption":"HES Design"},"image":{"@id":"https:\/\/hesdesign.com.tr\/#\/schema\/logo\/image\/"},"sameAs":["https:\/\/www.facebook.com\/hesdesign34","https:\/\/www.instagram.com\/hes_design_\/","http:\/\/linkedin.com\/company\/hes-design"]}]}},"_links":{"self":[{"href":"https:\/\/hesdesign.com.tr\/en\/wp-json\/wp\/v2\/pages\/7770","targetHints":{"allow":["GET"]}}],"collection":[{"href":"https:\/\/hesdesign.com.tr\/en\/wp-json\/wp\/v2\/pages"}],"about":[{"href":"https:\/\/hesdesign.com.tr\/en\/wp-json\/wp\/v2\/types\/page"}],"author":[{"embeddable":true,"href":"https:\/\/hesdesign.com.tr\/en\/wp-json\/wp\/v2\/users\/1"}],"replies":[{"embeddable":true,"href":"https:\/\/hesdesign.com.tr\/en\/wp-json\/wp\/v2\/comments?post=7770"}],"version-history":[{"count":4,"href":"https:\/\/hesdesign.com.tr\/en\/wp-json\/wp\/v2\/pages\/7770\/revisions"}],"predecessor-version":[{"id":8758,"href":"https:\/\/hesdesign.com.tr\/en\/wp-json\/wp\/v2\/pages\/7770\/revisions\/8758"}],"up":[{"embeddable":true,"href":"https:\/\/hesdesign.com.tr\/en\/wp-json\/wp\/v2\/pages\/7754"}],"wp:attachment":[{"href":"https:\/\/hesdesign.com.tr\/en\/wp-json\/wp\/v2\/media?parent=7770"}],"curies":[{"name":"wp","href":"https:\/\/api.w.org\/{rel}","templated":true}]}}