{"id":7799,"date":"2021-10-05T10:35:53","date_gmt":"2021-10-05T10:35:53","guid":{"rendered":"https:\/\/www.hesdesign.com.tr\/?page_id=7799"},"modified":"2022-03-02T12:58:23","modified_gmt":"2022-03-02T12:58:23","slug":"contact","status":"publish","type":"page","link":"https:\/\/hesdesign.com.tr\/en\/contact\/","title":{"rendered":"Contact"},"content":{"rendered":"<p>[vc_row gap=&#8221;35&#8243; css=&#8221;.vc_custom_1632318602083{background-color: #f1f5fb !important;}&#8221;]\n\t<div class=\"vc_col-sm-4 wpb_column vc_column_container \"  data-wow-delay=\"0ms\">\n\t\t<div class=\"wpb_wrapper\">\n\t\t\t[vc_column_text]<\/p>\n<h3>Turkey Office<\/h3>\n<p>[\/vc_column_text][vc_column_text]Esentepe Mah. Y\u0131ld\u0131z Posta Cad. Bulvar Apt.<br \/>\nNo:15, B Blok, Kat:4, D:17 34349<br \/>\nSisli \/ Istanbul \/ TURKEY[\/vc_column_text][vc_column_text]Pbx:\u00a0<a href=\"tel:+902122847594\">+90 212 284 75 94 \u2013 95<\/a><\/p>\n<p>GSM: <a href=\"tel:+905497102288\">+90 549 710 22 88<\/a><\/p>\n<p>E-Mail: <a href=\"mailto:info@hesdesign.com.tr\">info@hesdesign.com.tr<\/a>[\/vc_column_text]\n\t\t<\/div> <!-- END .wpb_wrapper -->\n\t<\/div> <!-- END  wpb_column vc_column_container  -->\n\n\t<div class=\"vc_col-sm-8 wpb_column vc_column_container \"  data-wow-delay=\"0ms\">\n\t\t<div class=\"wpb_wrapper\">\n\t\t\t[vc_gmaps link=&#8221;#E-8_JTNDaWZyYW1lJTIwc3JjJTNEJTIyaHR0cHMlM0ElMkYlMkZ3d3cuZ29vZ2xlLmNvbSUyRm1hcHMlMkZlbWJlZCUzRnBiJTNEJTIxMW0xNCUyMTFtOCUyMTFtMyUyMTFkMTIwMzMuNDkxNzE4MDgxNDQlMjEyZDI5LjAxMjQyMzIlMjEzZDQxLjA2MDg0MDIlMjEzbTIlMjExaTEwMjQlMjEyaTc2OCUyMTRmMTMuMSUyMTNtMyUyMTFtMiUyMTFzMHgwJTI1M0EweGY2Y2Q1MDkyYTcwMzZjYzUlMjEyc0hlcyUyNTIwRGVzaWduJTIxNWUwJTIxM20yJTIxMXNlbiUyMTJzdHIlMjE0djE2MzIzMDcxNjc1OTAlMjE1bTIlMjExc2VuJTIxMnN0ciUyMiUyMHdpZHRoJTNEJTIyMTAwJTI1JTIyJTIwaGVpZ2h0JTNEJTIyMzAwJTIyJTIwc3R5bGUlM0QlMjJib3JkZXIlM0EwJTNCJTIyJTIwYWxsb3dmdWxsc2NyZWVuJTNEJTIyJTIyJTIwbG9hZGluZyUzRCUyMmxhenklMjIlM0UlM0MlMkZpZnJhbWUlM0U=&#8221; size=&#8221;300&#8243; css=&#8221;.vc_custom_1632318694023{margin-bottom: 0px !important;}&#8221;]\n\t\t<\/div> <!-- END .wpb_wrapper -->\n\t<\/div> <!-- END  wpb_column vc_column_container  -->\n[\/vc_row][vc_row gap=&#8221;35&#8243; css=&#8221;.vc_custom_1632318602083{background-color: #f1f5fb !important;}&#8221;]\n\t<div class=\"vc_col-sm-4 wpb_column vc_column_container \"  data-wow-delay=\"0ms\">\n\t\t<div class=\"wpb_wrapper\">\n\t\t\t[vc_column_text]<\/p>\n<h3>Germany Office<\/h3>\n<p>[\/vc_column_text][vc_column_text]Wilhelmplatz 11 A47918 Tonisvorst Viersen (Kreis) Deutschland[\/vc_column_text][vc_column_text]Pbx:\u00a0<a href=\"tel:+902122847594\">+90 212 284 75 94 \u2013 95<\/a><\/p>\n<p>GSM: <a href=\"tel:+905497102288\">+90 549 710 22 88<\/a><\/p>\n<p>E-Mail: <a href=\"mailto:info@hesdesign.com.tr\">info@hesdesign.com.tr<\/a>[\/vc_column_text]\n\t\t<\/div> <!-- END .wpb_wrapper -->\n\t<\/div> <!-- END  wpb_column vc_column_container  -->\n\n\t<div class=\"vc_col-sm-8 wpb_column vc_column_container \"  data-wow-delay=\"0ms\">\n\t\t<div class=\"wpb_wrapper\">\n\t\t\t[vc_gmaps link=&#8221;#E-8_JTNDaWZyYW1lJTIwc3JjJTNEJTIyaHR0cHMlM0ElMkYlMkZ3d3cuZ29vZ2xlLmNvbSUyRm1hcHMlMkZlbWJlZCUzRnBiJTNEJTIxMW0xNCUyMTFtOCUyMTFtMyUyMTFkNDk4Ny4wMjUyOTU1MzM1MDMlMjEyZDYuNTAwMjYlMjEzZDUxLjMyMDA5JTIxM20yJTIxMWkxMDI0JTIxMmk3NjglMjE0ZjEzLjElMjEzbTMlMjExbTIlMjExczB4NDdiOGFmNzE0MTYwYWNlZiUyNTNBMHhjYTc4ZGI0NTY3ZjZjNTc4JTIxMnNXaWxoZWxtcGwuJTI1MjAxMSUyNTJDJTI1MjA0NzkxOCUyNTIwVCUyNUMzJTI1QjZuaXN2b3JzdCUyNTJDJTI1MjBHZXJtYW55JTIxNWUwJTIxM20yJTIxMXNlbiUyMTJzdHIlMjE0djE2MzIzMTg3NzgwNTAlMjE1bTIlMjExc2VuJTIxMnN0ciUyMiUyMHdpZHRoJTNEJTIyMTAwJTI1JTIyJTIwaGVpZ2h0JTNEJTIyMzAwJTIyJTIwc3R5bGUlM0QlMjJib3JkZXIlM0EwJTNCJTIyJTIwYWxsb3dmdWxsc2NyZWVuJTNEJTIyJTIyJTIwbG9hZGluZyUzRCUyMmxhenklMjIlM0UlM0MlMkZpZnJhbWUlM0U=&#8221; size=&#8221;300&#8243; css=&#8221;.vc_custom_1632318794043{margin-bottom: 0px !important;}&#8221;]\n\t\t<\/div> <!-- END .wpb_wrapper -->\n\t<\/div> <!-- END  wpb_column vc_column_container  -->\n[\/vc_row][vc_row gap=&#8221;35&#8243; m_top=&#8221;40px&#8221;]\n\t<div class=\"vc_col-sm-6 wpb_column vc_column_container \"  data-wow-delay=\"0ms\">\n\t\t<div class=\"wpb_wrapper\">\n\t\t\t[vc_column_text]<\/p>\n<h3>Write to Us<\/h3>\n<p>[\/vc_column_text][vc_column_text]If you have any questions, please do not hesitate to contact us. We will reply you as soon as possible.[\/vc_column_text][vc_empty_space height=&#8221;50px&#8221;][vc_column_text]<\/p>\n<h3>Follow Us on<\/h3>\n<p>[\/vc_column_text][ivan_button link=&#8221;https:\/\/www.facebook.com\/hesdesign34&#8243; size=&#8221;compact&#8221; border_r=&#8221;circular&#8221; icon_area=&#8221;icon&#8221; social_auto=&#8221;yes&#8221; animation_iteration=&#8221;1&#8243; c_id=&#8221;.vc_1632323804636&#8243; ico=&#8221;facebook&#8221;][\/ivan_button][ivan_button link=&#8221;https:\/\/www.instagram.com\/hes_design_\/&#8221; size=&#8221;compact&#8221; border_r=&#8221;circular&#8221; icon_area=&#8221;icon&#8221; social_auto=&#8221;yes&#8221; animation_iteration=&#8221;1&#8243; c_id=&#8221;.vc_1632323779469&#8243; ico=&#8221;instagram&#8221;][\/ivan_button][ivan_button link=&#8221;linkedin.com\/company\/hes-design&#8221; size=&#8221;compact&#8221; border_r=&#8221;circular&#8221; icon_area=&#8221;icon&#8221; social_auto=&#8221;yes&#8221; animation_iteration=&#8221;1&#8243; c_id=&#8221;.vc_1632323855655&#8243; ico=&#8221;linkedin&#8221;][\/ivan_button]\n\t\t<\/div> <!-- END .wpb_wrapper -->\n\t<\/div> <!-- END  wpb_column vc_column_container  -->\n\n\t<div class=\"vc_col-sm-6 wpb_column vc_column_container \"  data-wow-delay=\"0ms\">\n\t\t<div class=\"wpb_wrapper\">\n\t\t\t[vc_column_text]<div role=\"form\" class=\"wpcf7\" id=\"wpcf7-f7792-o1\" lang=\"en-US\" dir=\"ltr\">\n<div class=\"screen-reader-response\"><p role=\"status\" aria-live=\"polite\" aria-atomic=\"true\"><\/p> <ul><\/ul><\/div>\n<form action=\"\/en\/wp-json\/wp\/v2\/pages\/7799#wpcf7-f7792-o1\" method=\"post\" class=\"wpcf7-form init\" enctype=\"multipart\/form-data\" novalidate=\"novalidate\" data-status=\"init\">\n<div style=\"display: none;\">\n<input type=\"hidden\" name=\"_wpcf7\" value=\"7792\" \/>\n<input type=\"hidden\" name=\"_wpcf7_version\" value=\"5.5.6\" \/>\n<input type=\"hidden\" name=\"_wpcf7_locale\" value=\"en_US\" \/>\n<input type=\"hidden\" name=\"_wpcf7_unit_tag\" value=\"wpcf7-f7792-o1\" \/>\n<input type=\"hidden\" name=\"_wpcf7_container_post\" value=\"0\" \/>\n<input type=\"hidden\" name=\"_wpcf7_posted_data_hash\" value=\"\" \/>\n<input type=\"hidden\" name=\"_wpcf7_recaptcha_response\" value=\"\" \/>\n<\/div>\n<div class=\"contact-form-hes\">\n<div class=\"row\">\n<div class=\"col-md-6\">\n<label> Your Name*<br \/>\n           <span class=\"wpcf7-form-control-wrap digi-name\"><input type=\"text\" name=\"digi-name\" value=\"\" size=\"40\" class=\"wpcf7-form-control wpcf7-text wpcf7-validates-as-required\" aria-required=\"true\" aria-invalid=\"false\" placeholder=\"Your Name\" \/><\/span> <\/label><\/p>\n<\/div>\n<div class=\"col-md-6\">\n       <label> Subject*<br \/>\n         <span class=\"wpcf7-form-control-wrap digi-subject\"><select name=\"digi-subject\" class=\"wpcf7-form-control wpcf7-select wpcf7-validates-as-required cf7sub\" aria-required=\"true\" aria-invalid=\"false\"><option value=\"\">---<\/option><option value=\"Quote\">Quote<\/option><option value=\"Information\">Information<\/option><option value=\"Job Application\">Job Application<\/option><option value=\"Other\">Other<\/option><\/select><\/span><\/label>\n    <\/div>\n<\/div>\n<div class=\"row\">\n<div class=\"col-md-6\">\n           <label> Contact Phone Number*<br \/>\n          <span class=\"wpcf7-form-control-wrap digi-tel\"><input type=\"text\" name=\"digi-tel\" value=\"\" size=\"40\" class=\"wpcf7-form-control wpcf7-text wpcf7-validates-as-required\" aria-required=\"true\" aria-invalid=\"false\" placeholder=\"Your Phone Number\" \/><\/span> <\/label>\n    <\/div>\n<div class=\"col-md-6\">\n <label> Contact E-Mail*<br \/>\n          <span class=\"wpcf7-form-control-wrap digi-email\"><input type=\"email\" name=\"digi-email\" value=\"\" size=\"40\" class=\"wpcf7-form-control wpcf7-text wpcf7-email wpcf7-validates-as-required wpcf7-validates-as-email\" aria-required=\"true\" aria-invalid=\"false\" placeholder=\"Your Contact E-Mail\" \/><\/span> <\/label>\n    <\/div>\n<\/div>\n<div class=\"row\">\n<div class=\"col-md-12\">\n         <label> Message<br \/>\n         <span class=\"wpcf7-form-control-wrap digi-message\"><textarea name=\"digi-message\" cols=\"100\" rows=\"10\" class=\"wpcf7-form-control wpcf7-textarea\" aria-invalid=\"false\" placeholder=\"Your Message\"><\/textarea><\/span><\/label>\n    <\/div>\n<\/div>\n<div class=\"row\">\n<div class=\"col-md-12\">\n         <span class=\"wpcf7-form-control-wrap checkbox-433\"><span class=\"wpcf7-form-control wpcf7-checkbox\"><span class=\"wpcf7-list-item first last\"><label><input type=\"checkbox\" name=\"checkbox-433[]\" value=\"I want to register to the newsletter\" \/><span class=\"wpcf7-list-item-label\">I want to register to the newsletter<\/span><\/label><\/span><\/span><\/span>\n    <\/div>\n<\/div>\n<div class=\"row\">\n<div class=\"col-md-6\">\n    <label> Upload File (Max. 5MB)<br \/>\n       <span class=\"wpcf7-form-control-wrap DosyaYukle\"><input type=\"file\" name=\"DosyaYukle\" size=\"40\" class=\"wpcf7-form-control wpcf7-file cf7sub\" accept=\".jpg,.jpeg,.pdf,.doc,.docx\" aria-invalid=\"false\" \/><\/span><\/label><br \/>\n  <br\/> <input type=\"submit\" value=\"Send\" class=\"wpcf7-form-control has-spinner wpcf7-submit\" \/>\n    <\/div>\n<div class=\"col-md-6\">\n<p>         This Page is protected by Google ReCaptcha.<br \/>\n<a href=\"https:\/\/policies.google.com\/privacy\">Google Privacy Policy<\/a><br \/>\n<a href=\"https:\/\/policies.google.com\/terms\">Google Terms of Use<\/a><\/p>\n<\/div>\n<\/div>\n<\/div>\n<p style=\"display: none !important;\" class=\"akismet-fields-container\" data-prefix=\"_wpcf7_ak_\"><label>&#916;<textarea name=\"_wpcf7_ak_hp_textarea\" cols=\"45\" rows=\"8\" maxlength=\"100\"><\/textarea><\/label><input type=\"hidden\" id=\"ak_js_1\" name=\"_wpcf7_ak_js\" value=\"214\"\/><script>document.getElementById( \"ak_js_1\" ).setAttribute( \"value\", ( new Date() ).getTime() );<\/script><\/p><div class=\"wpcf7-response-output\" aria-hidden=\"true\"><\/div><\/form><\/div>[\/vc_column_text]\n\t\t<\/div> <!-- END .wpb_wrapper -->\n\t<\/div> <!-- END  wpb_column vc_column_container  -->\n[\/vc_row]<\/p>\n","protected":false},"excerpt":{"rendered":"<p>[vc_row gap=&#8221;35&#8243; css=&#8221;.vc_custom_1632318602083{background-color: #f1f5fb !important;}&#8221;][\/vc_row][vc_row gap=&#8221;35&#8243; css=&#8221;.vc_custom_1632318602083{background-color: #f1f5fb !important;}&#8221;][\/vc_row][vc_row gap=&#8221;35&#8243; m_top=&#8221;40px&#8221;][\/vc_row]<\/p>\n","protected":false},"author":1,"featured_media":0,"parent":0,"menu_order":0,"comment_status":"closed","ping_status":"closed","template":"","meta":{"_themeisle_gutenberg_block_has_review":false,"footnotes":""},"class_list":["post-7799","page","type-page","status-publish","hentry"],"yoast_head":"<!-- This site is optimized with the Yoast SEO plugin v24.3 - https:\/\/yoast.com\/wordpress\/plugins\/seo\/ -->\n<title>Contact &#8212; HES Design<\/title>\n<meta name=\"robots\" content=\"index, follow, max-snippet:-1, max-image-preview:large, max-video-preview:-1\" \/>\n<link rel=\"canonical\" href=\"https:\/\/hesdesign.com.tr\/en\/contact\/\" \/>\n<meta property=\"og:locale\" content=\"en_US\" \/>\n<meta property=\"og:type\" content=\"article\" \/>\n<meta property=\"og:title\" content=\"Contact &#8212; HES Design\" \/>\n<meta property=\"og:description\" content=\"[vc_row gap=&#8221;35&#8243; css=&#8221;.vc_custom_1632318602083{background-color: #f1f5fb !important;}&#8221;][\/vc_row][vc_row gap=&#8221;35&#8243; css=&#8221;.vc_custom_1632318602083{background-color: #f1f5fb !important;}&#8221;][\/vc_row][vc_row gap=&#8221;35&#8243; m_top=&#8221;40px&#8221;][\/vc_row]\" \/>\n<meta property=\"og:url\" content=\"https:\/\/hesdesign.com.tr\/en\/contact\/\" \/>\n<meta property=\"og:site_name\" content=\"HES Design\" \/>\n<meta property=\"article:publisher\" content=\"https:\/\/www.facebook.com\/hesdesign34\" \/>\n<meta property=\"article:modified_time\" content=\"2022-03-02T12:58:23+00:00\" \/>\n<meta name=\"twitter:card\" content=\"summary_large_image\" \/>\n<meta name=\"twitter:label1\" content=\"Est. reading time\" \/>\n\t<meta name=\"twitter:data1\" content=\"1 minute\" \/>\n<script type=\"application\/ld+json\" class=\"yoast-schema-graph\">{\"@context\":\"https:\/\/schema.org\",\"@graph\":[{\"@type\":\"WebPage\",\"@id\":\"https:\/\/hesdesign.com.tr\/en\/contact\/\",\"url\":\"https:\/\/hesdesign.com.tr\/en\/contact\/\",\"name\":\"Contact &#8212; HES Design\",\"isPartOf\":{\"@id\":\"https:\/\/hesdesign.com.tr\/#website\"},\"datePublished\":\"2021-10-05T10:35:53+00:00\",\"dateModified\":\"2022-03-02T12:58:23+00:00\",\"breadcrumb\":{\"@id\":\"https:\/\/hesdesign.com.tr\/en\/contact\/#breadcrumb\"},\"inLanguage\":\"en-US\",\"potentialAction\":[{\"@type\":\"ReadAction\",\"target\":[\"https:\/\/hesdesign.com.tr\/en\/contact\/\"]}]},{\"@type\":\"BreadcrumbList\",\"@id\":\"https:\/\/hesdesign.com.tr\/en\/contact\/#breadcrumb\",\"itemListElement\":[{\"@type\":\"ListItem\",\"position\":1,\"name\":\"Anasayfa\",\"item\":\"https:\/\/hesdesign.com.tr\/en\/\"},{\"@type\":\"ListItem\",\"position\":2,\"name\":\"Contact\"}]},{\"@type\":\"WebSite\",\"@id\":\"https:\/\/hesdesign.com.tr\/#website\",\"url\":\"https:\/\/hesdesign.com.tr\/\",\"name\":\"HES Design\",\"description\":\"Firman\u0131za G\u00fc\u00e7 Kat\u0131n\",\"publisher\":{\"@id\":\"https:\/\/hesdesign.com.tr\/#organization\"},\"potentialAction\":[{\"@type\":\"SearchAction\",\"target\":{\"@type\":\"EntryPoint\",\"urlTemplate\":\"https:\/\/hesdesign.com.tr\/?s={search_term_string}\"},\"query-input\":{\"@type\":\"PropertyValueSpecification\",\"valueRequired\":true,\"valueName\":\"search_term_string\"}}],\"inLanguage\":\"en-US\"},{\"@type\":\"Organization\",\"@id\":\"https:\/\/hesdesign.com.tr\/#organization\",\"name\":\"HES Design\",\"url\":\"https:\/\/hesdesign.com.tr\/\",\"logo\":{\"@type\":\"ImageObject\",\"inLanguage\":\"en-US\",\"@id\":\"https:\/\/hesdesign.com.tr\/#\/schema\/logo\/image\/\",\"url\":\"https:\/\/www.hesdesign.com.tr\/wp-content\/uploads\/2021\/09\/hes-copy-2.png\",\"contentUrl\":\"https:\/\/www.hesdesign.com.tr\/wp-content\/uploads\/2021\/09\/hes-copy-2.png\",\"width\":300,\"height\":132,\"caption\":\"HES Design\"},\"image\":{\"@id\":\"https:\/\/hesdesign.com.tr\/#\/schema\/logo\/image\/\"},\"sameAs\":[\"https:\/\/www.facebook.com\/hesdesign34\",\"https:\/\/www.instagram.com\/hes_design_\/\",\"http:\/\/linkedin.com\/company\/hes-design\"]}]}<\/script>\n<!-- \/ Yoast SEO plugin. -->","yoast_head_json":{"title":"Contact &#8212; HES Design","robots":{"index":"index","follow":"follow","max-snippet":"max-snippet:-1","max-image-preview":"max-image-preview:large","max-video-preview":"max-video-preview:-1"},"canonical":"https:\/\/hesdesign.com.tr\/en\/contact\/","og_locale":"en_US","og_type":"article","og_title":"Contact &#8212; HES Design","og_description":"[vc_row gap=&#8221;35&#8243; css=&#8221;.vc_custom_1632318602083{background-color: #f1f5fb !important;}&#8221;][\/vc_row][vc_row gap=&#8221;35&#8243; css=&#8221;.vc_custom_1632318602083{background-color: #f1f5fb !important;}&#8221;][\/vc_row][vc_row gap=&#8221;35&#8243; m_top=&#8221;40px&#8221;][\/vc_row]","og_url":"https:\/\/hesdesign.com.tr\/en\/contact\/","og_site_name":"HES Design","article_publisher":"https:\/\/www.facebook.com\/hesdesign34","article_modified_time":"2022-03-02T12:58:23+00:00","twitter_card":"summary_large_image","twitter_misc":{"Est. reading time":"1 minute"},"schema":{"@context":"https:\/\/schema.org","@graph":[{"@type":"WebPage","@id":"https:\/\/hesdesign.com.tr\/en\/contact\/","url":"https:\/\/hesdesign.com.tr\/en\/contact\/","name":"Contact &#8212; HES Design","isPartOf":{"@id":"https:\/\/hesdesign.com.tr\/#website"},"datePublished":"2021-10-05T10:35:53+00:00","dateModified":"2022-03-02T12:58:23+00:00","breadcrumb":{"@id":"https:\/\/hesdesign.com.tr\/en\/contact\/#breadcrumb"},"inLanguage":"en-US","potentialAction":[{"@type":"ReadAction","target":["https:\/\/hesdesign.com.tr\/en\/contact\/"]}]},{"@type":"BreadcrumbList","@id":"https:\/\/hesdesign.com.tr\/en\/contact\/#breadcrumb","itemListElement":[{"@type":"ListItem","position":1,"name":"Anasayfa","item":"https:\/\/hesdesign.com.tr\/en\/"},{"@type":"ListItem","position":2,"name":"Contact"}]},{"@type":"WebSite","@id":"https:\/\/hesdesign.com.tr\/#website","url":"https:\/\/hesdesign.com.tr\/","name":"HES Design","description":"Firman\u0131za G\u00fc\u00e7 Kat\u0131n","publisher":{"@id":"https:\/\/hesdesign.com.tr\/#organization"},"potentialAction":[{"@type":"SearchAction","target":{"@type":"EntryPoint","urlTemplate":"https:\/\/hesdesign.com.tr\/?s={search_term_string}"},"query-input":{"@type":"PropertyValueSpecification","valueRequired":true,"valueName":"search_term_string"}}],"inLanguage":"en-US"},{"@type":"Organization","@id":"https:\/\/hesdesign.com.tr\/#organization","name":"HES Design","url":"https:\/\/hesdesign.com.tr\/","logo":{"@type":"ImageObject","inLanguage":"en-US","@id":"https:\/\/hesdesign.com.tr\/#\/schema\/logo\/image\/","url":"https:\/\/www.hesdesign.com.tr\/wp-content\/uploads\/2021\/09\/hes-copy-2.png","contentUrl":"https:\/\/www.hesdesign.com.tr\/wp-content\/uploads\/2021\/09\/hes-copy-2.png","width":300,"height":132,"caption":"HES Design"},"image":{"@id":"https:\/\/hesdesign.com.tr\/#\/schema\/logo\/image\/"},"sameAs":["https:\/\/www.facebook.com\/hesdesign34","https:\/\/www.instagram.com\/hes_design_\/","http:\/\/linkedin.com\/company\/hes-design"]}]}},"_links":{"self":[{"href":"https:\/\/hesdesign.com.tr\/en\/wp-json\/wp\/v2\/pages\/7799","targetHints":{"allow":["GET"]}}],"collection":[{"href":"https:\/\/hesdesign.com.tr\/en\/wp-json\/wp\/v2\/pages"}],"about":[{"href":"https:\/\/hesdesign.com.tr\/en\/wp-json\/wp\/v2\/types\/page"}],"author":[{"embeddable":true,"href":"https:\/\/hesdesign.com.tr\/en\/wp-json\/wp\/v2\/users\/1"}],"replies":[{"embeddable":true,"href":"https:\/\/hesdesign.com.tr\/en\/wp-json\/wp\/v2\/comments?post=7799"}],"version-history":[{"count":6,"href":"https:\/\/hesdesign.com.tr\/en\/wp-json\/wp\/v2\/pages\/7799\/revisions"}],"predecessor-version":[{"id":8256,"href":"https:\/\/hesdesign.com.tr\/en\/wp-json\/wp\/v2\/pages\/7799\/revisions\/8256"}],"wp:attachment":[{"href":"https:\/\/hesdesign.com.tr\/en\/wp-json\/wp\/v2\/media?parent=7799"}],"curies":[{"name":"wp","href":"https:\/\/api.w.org\/{rel}","templated":true}]}}