{"id":8155,"date":"2021-12-05T21:11:21","date_gmt":"2021-12-05T21:11:21","guid":{"rendered":"https:\/\/www.hesdesign.com.tr\/referanslarimiz\/"},"modified":"2023-05-29T08:45:45","modified_gmt":"2023-05-29T05:45:45","slug":"references","status":"publish","type":"page","link":"https:\/\/hesdesign.com.tr\/en\/references\/","title":{"rendered":"References"},"content":{"rendered":"<p>[vc_row full_width=&#8221;stretch_row&#8221; gap=&#8221;30&#8243; content_placement=&#8221;middle&#8221; m_bottom=&#8221;0&#8243; css=&#8221;.vc_custom_1632317215727{padding-top: 60px !important;}&#8221;]\n\t<div class=\"vc_col-sm-12 vc_col-md-8 wpb_column vc_column_container \"  data-wow-delay=\"0ms\" data-wow-iteration=\"1\" >\n\t\t<div class=\"wpb_wrapper\">\n\t\t\t\n\t\t<\/div> <!-- END .wpb_wrapper -->\n\t<\/div> <!-- END  wpb_column vc_column_container  -->\n[\/vc_row][vc_row full_width=&#8221;stretch_row&#8221;]\n\t<div class=\"vc_col-sm-12 wpb_column vc_column_container \"  data-wow-delay=\"0ms\">\n\t\t<div class=\"wpb_wrapper\">\n\t\t\t[vc_gallery type=&#8221;image_grid&#8221; images=&#8221;7049,7048,7046,7505,7045,7044,7499,7500,7501,7504,7503,7502,7047,7658,7659,7660,7661,7662,7663,7664,7665,7666,7667,7668,7669,7670,7671,7672,7673,7674,7675,7676,7677,8047,8118,8162,9003,8989,8991,8993,8995,8997,8987,8985,8983,8981,8979,9069,9094,9092,9090,9088,9086,9084,9096,9098,9100,9103,9082,9080,9404,9447,9449,9451,9477,9479,9611,9780,9903,9905,9907&#8243; img_size=&#8221;190&#215;90&#8243; onclick=&#8221;&#8221; el_class=&#8221;referanslar&#8221;]\n\t\t<\/div> <!-- END .wpb_wrapper -->\n\t<\/div> <!-- END  wpb_column vc_column_container  -->\n[\/vc_row]<\/p>\n","protected":false},"excerpt":{"rendered":"<p>[vc_row full_width=&#8221;stretch_row&#8221; gap=&#8221;30&#8243; content_placement=&#8221;middle&#8221; m_bottom=&#8221;0&#8243; css=&#8221;.vc_custom_1632317215727{padding-top: 60px !important;}&#8221;][\/vc_row][vc_row full_width=&#8221;stretch_row&#8221;][\/vc_row]<\/p>\n","protected":false},"author":1,"featured_media":0,"parent":0,"menu_order":0,"comment_status":"closed","ping_status":"closed","template":"","meta":{"_themeisle_gutenberg_block_has_review":false,"footnotes":""},"class_list":["post-8155","page","type-page","status-publish","hentry"],"yoast_head":"<!-- This site is optimized with the Yoast SEO plugin v24.3 - https:\/\/yoast.com\/wordpress\/plugins\/seo\/ -->\n<title>References &#8212; HES Design<\/title>\n<meta name=\"robots\" content=\"index, follow, max-snippet:-1, max-image-preview:large, max-video-preview:-1\" \/>\n<link rel=\"canonical\" href=\"https:\/\/hesdesign.com.tr\/en\/references\/\" \/>\n<meta property=\"og:locale\" content=\"en_US\" \/>\n<meta property=\"og:type\" content=\"article\" \/>\n<meta property=\"og:title\" content=\"References &#8212; HES Design\" \/>\n<meta property=\"og:description\" content=\"[vc_row full_width=&#8221;stretch_row&#8221; gap=&#8221;30&#8243; content_placement=&#8221;middle&#8221; m_bottom=&#8221;0&#8243; css=&#8221;.vc_custom_1632317215727{padding-top: 60px !important;}&#8221;][\/vc_row][vc_row full_width=&#8221;stretch_row&#8221;][\/vc_row]\" \/>\n<meta property=\"og:url\" content=\"https:\/\/hesdesign.com.tr\/en\/references\/\" \/>\n<meta property=\"og:site_name\" content=\"HES Design\" \/>\n<meta property=\"article:publisher\" content=\"https:\/\/www.facebook.com\/hesdesign34\" \/>\n<meta property=\"article:modified_time\" content=\"2023-05-29T05:45:45+00:00\" \/>\n<meta name=\"twitter:card\" content=\"summary_large_image\" \/>\n<script type=\"application\/ld+json\" class=\"yoast-schema-graph\">{\"@context\":\"https:\/\/schema.org\",\"@graph\":[{\"@type\":\"WebPage\",\"@id\":\"https:\/\/hesdesign.com.tr\/en\/references\/\",\"url\":\"https:\/\/hesdesign.com.tr\/en\/references\/\",\"name\":\"References &#8212; HES Design\",\"isPartOf\":{\"@id\":\"https:\/\/hesdesign.com.tr\/#website\"},\"datePublished\":\"2021-12-05T21:11:21+00:00\",\"dateModified\":\"2023-05-29T05:45:45+00:00\",\"breadcrumb\":{\"@id\":\"https:\/\/hesdesign.com.tr\/en\/references\/#breadcrumb\"},\"inLanguage\":\"en-US\",\"potentialAction\":[{\"@type\":\"ReadAction\",\"target\":[\"https:\/\/hesdesign.com.tr\/en\/references\/\"]}]},{\"@type\":\"BreadcrumbList\",\"@id\":\"https:\/\/hesdesign.com.tr\/en\/references\/#breadcrumb\",\"itemListElement\":[{\"@type\":\"ListItem\",\"position\":1,\"name\":\"Anasayfa\",\"item\":\"https:\/\/hesdesign.com.tr\/en\/\"},{\"@type\":\"ListItem\",\"position\":2,\"name\":\"References\"}]},{\"@type\":\"WebSite\",\"@id\":\"https:\/\/hesdesign.com.tr\/#website\",\"url\":\"https:\/\/hesdesign.com.tr\/\",\"name\":\"HES Design\",\"description\":\"Firman\u0131za G\u00fc\u00e7 Kat\u0131n\",\"publisher\":{\"@id\":\"https:\/\/hesdesign.com.tr\/#organization\"},\"potentialAction\":[{\"@type\":\"SearchAction\",\"target\":{\"@type\":\"EntryPoint\",\"urlTemplate\":\"https:\/\/hesdesign.com.tr\/?s={search_term_string}\"},\"query-input\":{\"@type\":\"PropertyValueSpecification\",\"valueRequired\":true,\"valueName\":\"search_term_string\"}}],\"inLanguage\":\"en-US\"},{\"@type\":\"Organization\",\"@id\":\"https:\/\/hesdesign.com.tr\/#organization\",\"name\":\"HES Design\",\"url\":\"https:\/\/hesdesign.com.tr\/\",\"logo\":{\"@type\":\"ImageObject\",\"inLanguage\":\"en-US\",\"@id\":\"https:\/\/hesdesign.com.tr\/#\/schema\/logo\/image\/\",\"url\":\"https:\/\/www.hesdesign.com.tr\/wp-content\/uploads\/2021\/09\/hes-copy-2.png\",\"contentUrl\":\"https:\/\/www.hesdesign.com.tr\/wp-content\/uploads\/2021\/09\/hes-copy-2.png\",\"width\":300,\"height\":132,\"caption\":\"HES Design\"},\"image\":{\"@id\":\"https:\/\/hesdesign.com.tr\/#\/schema\/logo\/image\/\"},\"sameAs\":[\"https:\/\/www.facebook.com\/hesdesign34\",\"https:\/\/www.instagram.com\/hes_design_\/\",\"http:\/\/linkedin.com\/company\/hes-design\"]}]}<\/script>\n<!-- \/ Yoast SEO plugin. -->","yoast_head_json":{"title":"References &#8212; HES Design","robots":{"index":"index","follow":"follow","max-snippet":"max-snippet:-1","max-image-preview":"max-image-preview:large","max-video-preview":"max-video-preview:-1"},"canonical":"https:\/\/hesdesign.com.tr\/en\/references\/","og_locale":"en_US","og_type":"article","og_title":"References &#8212; HES Design","og_description":"[vc_row full_width=&#8221;stretch_row&#8221; gap=&#8221;30&#8243; content_placement=&#8221;middle&#8221; m_bottom=&#8221;0&#8243; css=&#8221;.vc_custom_1632317215727{padding-top: 60px !important;}&#8221;][\/vc_row][vc_row full_width=&#8221;stretch_row&#8221;][\/vc_row]","og_url":"https:\/\/hesdesign.com.tr\/en\/references\/","og_site_name":"HES Design","article_publisher":"https:\/\/www.facebook.com\/hesdesign34","article_modified_time":"2023-05-29T05:45:45+00:00","twitter_card":"summary_large_image","schema":{"@context":"https:\/\/schema.org","@graph":[{"@type":"WebPage","@id":"https:\/\/hesdesign.com.tr\/en\/references\/","url":"https:\/\/hesdesign.com.tr\/en\/references\/","name":"References &#8212; HES Design","isPartOf":{"@id":"https:\/\/hesdesign.com.tr\/#website"},"datePublished":"2021-12-05T21:11:21+00:00","dateModified":"2023-05-29T05:45:45+00:00","breadcrumb":{"@id":"https:\/\/hesdesign.com.tr\/en\/references\/#breadcrumb"},"inLanguage":"en-US","potentialAction":[{"@type":"ReadAction","target":["https:\/\/hesdesign.com.tr\/en\/references\/"]}]},{"@type":"BreadcrumbList","@id":"https:\/\/hesdesign.com.tr\/en\/references\/#breadcrumb","itemListElement":[{"@type":"ListItem","position":1,"name":"Anasayfa","item":"https:\/\/hesdesign.com.tr\/en\/"},{"@type":"ListItem","position":2,"name":"References"}]},{"@type":"WebSite","@id":"https:\/\/hesdesign.com.tr\/#website","url":"https:\/\/hesdesign.com.tr\/","name":"HES Design","description":"Firman\u0131za G\u00fc\u00e7 Kat\u0131n","publisher":{"@id":"https:\/\/hesdesign.com.tr\/#organization"},"potentialAction":[{"@type":"SearchAction","target":{"@type":"EntryPoint","urlTemplate":"https:\/\/hesdesign.com.tr\/?s={search_term_string}"},"query-input":{"@type":"PropertyValueSpecification","valueRequired":true,"valueName":"search_term_string"}}],"inLanguage":"en-US"},{"@type":"Organization","@id":"https:\/\/hesdesign.com.tr\/#organization","name":"HES Design","url":"https:\/\/hesdesign.com.tr\/","logo":{"@type":"ImageObject","inLanguage":"en-US","@id":"https:\/\/hesdesign.com.tr\/#\/schema\/logo\/image\/","url":"https:\/\/www.hesdesign.com.tr\/wp-content\/uploads\/2021\/09\/hes-copy-2.png","contentUrl":"https:\/\/www.hesdesign.com.tr\/wp-content\/uploads\/2021\/09\/hes-copy-2.png","width":300,"height":132,"caption":"HES Design"},"image":{"@id":"https:\/\/hesdesign.com.tr\/#\/schema\/logo\/image\/"},"sameAs":["https:\/\/www.facebook.com\/hesdesign34","https:\/\/www.instagram.com\/hes_design_\/","http:\/\/linkedin.com\/company\/hes-design"]}]}},"_links":{"self":[{"href":"https:\/\/hesdesign.com.tr\/en\/wp-json\/wp\/v2\/pages\/8155","targetHints":{"allow":["GET"]}}],"collection":[{"href":"https:\/\/hesdesign.com.tr\/en\/wp-json\/wp\/v2\/pages"}],"about":[{"href":"https:\/\/hesdesign.com.tr\/en\/wp-json\/wp\/v2\/types\/page"}],"author":[{"embeddable":true,"href":"https:\/\/hesdesign.com.tr\/en\/wp-json\/wp\/v2\/users\/1"}],"replies":[{"embeddable":true,"href":"https:\/\/hesdesign.com.tr\/en\/wp-json\/wp\/v2\/comments?post=8155"}],"version-history":[{"count":14,"href":"https:\/\/hesdesign.com.tr\/en\/wp-json\/wp\/v2\/pages\/8155\/revisions"}],"predecessor-version":[{"id":9912,"href":"https:\/\/hesdesign.com.tr\/en\/wp-json\/wp\/v2\/pages\/8155\/revisions\/9912"}],"wp:attachment":[{"href":"https:\/\/hesdesign.com.tr\/en\/wp-json\/wp\/v2\/media?parent=8155"}],"curies":[{"name":"wp","href":"https:\/\/api.w.org\/{rel}","templated":true}]}}