{"id":9724,"date":"2023-03-23T02:07:16","date_gmt":"2023-03-22T23:07:16","guid":{"rendered":"https:\/\/www.hesdesign.com.tr\/services\/fuar-lojistigi\/"},"modified":"2023-03-28T17:04:26","modified_gmt":"2023-03-28T14:04:26","slug":"fair-exhibition-logistics","status":"publish","type":"page","link":"https:\/\/hesdesign.com.tr\/en\/services\/fair-exhibition-logistics\/","title":{"rendered":"Fair &#038; Exhibition Logistics"},"content":{"rendered":"<p>[vc_row gap=&#8221;35&#8243;]\n\t<div class=\"vc_col-sm-2 wpb_column vc_column_container \"  data-wow-delay=\"0ms\">\n\t\t<div class=\"wpb_wrapper\">\n\t\t\t\n\t\t<\/div> <!-- END .wpb_wrapper -->\n\t<\/div> <!-- END  wpb_column vc_column_container  -->\n\n\t<div class=\"vc_col-sm-8 wpb_column vc_column_container \"  data-wow-delay=\"0ms\">\n\t\t<div class=\"wpb_wrapper\">\n\t\t\t[vc_column_text]<\/p>\n<h1><b>Fair &amp; Exhibition Logistics<\/b><\/h1>\n<p><span style=\"font-weight: 400;\">Fair logistics refers to a special transportation model that includes the transportation of stands, exhibitions, advertising materials, and products to be exhibited during the fair process. The fair transportation process also includes the transportation of decoration materials and vehicles such as machinery, in addition to the products that companies will exhibit at their stands. It is crucial for brands to prepare and transport their products in a timely and seamless manner, in accordance with the fair calendar. Our professional fair logistics service offers customized solutions for all industries.<\/span><\/p>\n<h2><b>What does event logistics service include?<\/b><\/h2>\n<p><span style=\"font-weight: 400;\">Failures or errors during the logistics process at fairs and similar events can create significant alternative costs. Therefore, planning, coordination, and solutions within the scope of the service are important. Each stage, such as transportation method, customs clearance process, and delivery, should be managed correctly. Brands can manage the fair process in the most accurate way with professional fair logistics service. The services offered in the field of fair transportation are as follows:<\/span><\/p>\n<ul>\n<li style=\"font-weight: 400;\" aria-level=\"1\"><span style=\"font-weight: 400;\">Multimodal (combined) transportation by road, sea, air, and rail.<\/span><\/li>\n<li style=\"font-weight: 400;\" aria-level=\"1\"><span style=\"font-weight: 400;\">Customs clearance<\/span><\/li>\n<li style=\"font-weight: 400;\" aria-level=\"1\"><span style=\"font-weight: 400;\">Storage, packaging, labelling<\/span><\/li>\n<li style=\"font-weight: 400;\" aria-level=\"1\"><span style=\"font-weight: 400;\">Overseas fair logistics (with experienced, foreign-language-speaking professional team)<\/span><\/li>\n<\/ul>\n<p>[\/vc_column_text][vc_single_image image=&#8221;9686&#8243; img_size=&#8221;full&#8221;][vc_column_text]<\/p>\n<h3><strong>Advantages of fair logistics service<\/strong><\/h3>\n<p><span style=\"font-weight: 400;\">Fair events are processes where participation is determined months in advance, and planning is crucial. Therefore, the timing factor is important in fair transportation. In fair and event logistics, which is a special logistics service, compensation may not be possible for a product that is missing or incorrectly delivered, which can have serious consequences. Therefore, it is crucial to transport the necessary equipment, vehicles, and products safely in the fair area. The points that stand out in fair logistics, which differs from classic logistics processes, are as follows:<\/span><\/p>\n<ul>\n<li style=\"font-weight: 400;\" aria-level=\"1\"><span style=\"font-weight: 400;\">It offers special solutions for many industries.<\/span><\/li>\n<li style=\"font-weight: 400;\" aria-level=\"1\"><span style=\"font-weight: 400;\">It ensures that transportation is managed with the optimal budget before, during, and after the event.<\/span><\/li>\n<li style=\"font-weight: 400;\" aria-level=\"1\"><span style=\"font-weight: 400;\">It prevents possible delays with planned transportation operations in accordance with the project schedule.<\/span><\/li>\n<li style=\"font-weight: 400;\" aria-level=\"1\"><span style=\"font-weight: 400;\">It offers all solutions in logistics in an integrated manner, providing the best result in a limited timeline.<\/span><\/li>\n<\/ul>\n<h3><strong>Customer-focused professional fair logistics service<\/strong><\/h3>\n<p><span style=\"font-weight: 400;\">As HES Design, we offer 360-degree integrated solutions in the field of fairs. We have become the solution partner of leading Turkish brands with our fair stand design and project management services. We are with you in fair and event processes with our land, air, sea, and intermodal <\/span>[\/vc_column_text][vc_empty_space]\n\t\t<\/div> <!-- END .wpb_wrapper -->\n\t<\/div> <!-- END  wpb_column vc_column_container  -->\n\n\t<div class=\"vc_col-sm-2 wpb_column vc_column_container \"  data-wow-delay=\"0ms\">\n\t\t<div class=\"wpb_wrapper\">\n\t\t\t\n\t\t<\/div> <!-- END .wpb_wrapper -->\n\t<\/div> <!-- END  wpb_column vc_column_container  -->\n[\/vc_row]<\/p>\n","protected":false},"excerpt":{"rendered":"<p>[vc_row gap=&#8221;35&#8243;][\/vc_row]<\/p>\n","protected":false},"author":1,"featured_media":0,"parent":7754,"menu_order":0,"comment_status":"closed","ping_status":"closed","template":"","meta":{"_themeisle_gutenberg_block_has_review":false,"footnotes":""},"class_list":["post-9724","page","type-page","status-publish","hentry"],"yoast_head":"<!-- This site is optimized with the Yoast SEO plugin v24.3 - https:\/\/yoast.com\/wordpress\/plugins\/seo\/ -->\n<title>Fair &amp; Exhibition Logistics &#8212; HES Design<\/title>\n<meta name=\"robots\" content=\"index, follow, max-snippet:-1, max-image-preview:large, max-video-preview:-1\" \/>\n<link rel=\"canonical\" href=\"https:\/\/hesdesign.com.tr\/en\/services\/fair-exhibition-logistics\/\" \/>\n<meta property=\"og:locale\" content=\"en_US\" \/>\n<meta property=\"og:type\" content=\"article\" \/>\n<meta property=\"og:title\" content=\"Fair &amp; Exhibition Logistics &#8212; HES Design\" \/>\n<meta property=\"og:description\" content=\"[vc_row gap=&#8221;35&#8243;][\/vc_row]\" \/>\n<meta property=\"og:url\" content=\"https:\/\/hesdesign.com.tr\/en\/services\/fair-exhibition-logistics\/\" \/>\n<meta property=\"og:site_name\" content=\"HES Design\" \/>\n<meta property=\"article:publisher\" content=\"https:\/\/www.facebook.com\/hesdesign34\" \/>\n<meta property=\"article:modified_time\" content=\"2023-03-28T14:04:26+00:00\" \/>\n<meta name=\"twitter:card\" content=\"summary_large_image\" \/>\n<meta name=\"twitter:label1\" content=\"Est. reading time\" \/>\n\t<meta name=\"twitter:data1\" content=\"2 minutes\" \/>\n<script type=\"application\/ld+json\" class=\"yoast-schema-graph\">{\"@context\":\"https:\/\/schema.org\",\"@graph\":[{\"@type\":\"WebPage\",\"@id\":\"https:\/\/hesdesign.com.tr\/en\/services\/fair-exhibition-logistics\/\",\"url\":\"https:\/\/hesdesign.com.tr\/en\/services\/fair-exhibition-logistics\/\",\"name\":\"Fair & Exhibition Logistics &#8212; HES Design\",\"isPartOf\":{\"@id\":\"https:\/\/hesdesign.com.tr\/#website\"},\"datePublished\":\"2023-03-22T23:07:16+00:00\",\"dateModified\":\"2023-03-28T14:04:26+00:00\",\"breadcrumb\":{\"@id\":\"https:\/\/hesdesign.com.tr\/en\/services\/fair-exhibition-logistics\/#breadcrumb\"},\"inLanguage\":\"en-US\",\"potentialAction\":[{\"@type\":\"ReadAction\",\"target\":[\"https:\/\/hesdesign.com.tr\/en\/services\/fair-exhibition-logistics\/\"]}]},{\"@type\":\"BreadcrumbList\",\"@id\":\"https:\/\/hesdesign.com.tr\/en\/services\/fair-exhibition-logistics\/#breadcrumb\",\"itemListElement\":[{\"@type\":\"ListItem\",\"position\":1,\"name\":\"Anasayfa\",\"item\":\"https:\/\/hesdesign.com.tr\/en\/\"},{\"@type\":\"ListItem\",\"position\":2,\"name\":\"Services\",\"item\":\"https:\/\/hesdesign.com.tr\/en\/services\/\"},{\"@type\":\"ListItem\",\"position\":3,\"name\":\"Fair &#038; Exhibition Logistics\"}]},{\"@type\":\"WebSite\",\"@id\":\"https:\/\/hesdesign.com.tr\/#website\",\"url\":\"https:\/\/hesdesign.com.tr\/\",\"name\":\"HES Design\",\"description\":\"Firman\u0131za G\u00fc\u00e7 Kat\u0131n\",\"publisher\":{\"@id\":\"https:\/\/hesdesign.com.tr\/#organization\"},\"potentialAction\":[{\"@type\":\"SearchAction\",\"target\":{\"@type\":\"EntryPoint\",\"urlTemplate\":\"https:\/\/hesdesign.com.tr\/?s={search_term_string}\"},\"query-input\":{\"@type\":\"PropertyValueSpecification\",\"valueRequired\":true,\"valueName\":\"search_term_string\"}}],\"inLanguage\":\"en-US\"},{\"@type\":\"Organization\",\"@id\":\"https:\/\/hesdesign.com.tr\/#organization\",\"name\":\"HES Design\",\"url\":\"https:\/\/hesdesign.com.tr\/\",\"logo\":{\"@type\":\"ImageObject\",\"inLanguage\":\"en-US\",\"@id\":\"https:\/\/hesdesign.com.tr\/#\/schema\/logo\/image\/\",\"url\":\"https:\/\/www.hesdesign.com.tr\/wp-content\/uploads\/2021\/09\/hes-copy-2.png\",\"contentUrl\":\"https:\/\/www.hesdesign.com.tr\/wp-content\/uploads\/2021\/09\/hes-copy-2.png\",\"width\":300,\"height\":132,\"caption\":\"HES Design\"},\"image\":{\"@id\":\"https:\/\/hesdesign.com.tr\/#\/schema\/logo\/image\/\"},\"sameAs\":[\"https:\/\/www.facebook.com\/hesdesign34\",\"https:\/\/www.instagram.com\/hes_design_\/\",\"http:\/\/linkedin.com\/company\/hes-design\"]}]}<\/script>\n<!-- \/ Yoast SEO plugin. -->","yoast_head_json":{"title":"Fair & Exhibition Logistics &#8212; HES Design","robots":{"index":"index","follow":"follow","max-snippet":"max-snippet:-1","max-image-preview":"max-image-preview:large","max-video-preview":"max-video-preview:-1"},"canonical":"https:\/\/hesdesign.com.tr\/en\/services\/fair-exhibition-logistics\/","og_locale":"en_US","og_type":"article","og_title":"Fair & Exhibition Logistics &#8212; HES Design","og_description":"[vc_row gap=&#8221;35&#8243;][\/vc_row]","og_url":"https:\/\/hesdesign.com.tr\/en\/services\/fair-exhibition-logistics\/","og_site_name":"HES Design","article_publisher":"https:\/\/www.facebook.com\/hesdesign34","article_modified_time":"2023-03-28T14:04:26+00:00","twitter_card":"summary_large_image","twitter_misc":{"Est. reading time":"2 minutes"},"schema":{"@context":"https:\/\/schema.org","@graph":[{"@type":"WebPage","@id":"https:\/\/hesdesign.com.tr\/en\/services\/fair-exhibition-logistics\/","url":"https:\/\/hesdesign.com.tr\/en\/services\/fair-exhibition-logistics\/","name":"Fair & Exhibition Logistics &#8212; HES Design","isPartOf":{"@id":"https:\/\/hesdesign.com.tr\/#website"},"datePublished":"2023-03-22T23:07:16+00:00","dateModified":"2023-03-28T14:04:26+00:00","breadcrumb":{"@id":"https:\/\/hesdesign.com.tr\/en\/services\/fair-exhibition-logistics\/#breadcrumb"},"inLanguage":"en-US","potentialAction":[{"@type":"ReadAction","target":["https:\/\/hesdesign.com.tr\/en\/services\/fair-exhibition-logistics\/"]}]},{"@type":"BreadcrumbList","@id":"https:\/\/hesdesign.com.tr\/en\/services\/fair-exhibition-logistics\/#breadcrumb","itemListElement":[{"@type":"ListItem","position":1,"name":"Anasayfa","item":"https:\/\/hesdesign.com.tr\/en\/"},{"@type":"ListItem","position":2,"name":"Services","item":"https:\/\/hesdesign.com.tr\/en\/services\/"},{"@type":"ListItem","position":3,"name":"Fair &#038; Exhibition Logistics"}]},{"@type":"WebSite","@id":"https:\/\/hesdesign.com.tr\/#website","url":"https:\/\/hesdesign.com.tr\/","name":"HES Design","description":"Firman\u0131za G\u00fc\u00e7 Kat\u0131n","publisher":{"@id":"https:\/\/hesdesign.com.tr\/#organization"},"potentialAction":[{"@type":"SearchAction","target":{"@type":"EntryPoint","urlTemplate":"https:\/\/hesdesign.com.tr\/?s={search_term_string}"},"query-input":{"@type":"PropertyValueSpecification","valueRequired":true,"valueName":"search_term_string"}}],"inLanguage":"en-US"},{"@type":"Organization","@id":"https:\/\/hesdesign.com.tr\/#organization","name":"HES Design","url":"https:\/\/hesdesign.com.tr\/","logo":{"@type":"ImageObject","inLanguage":"en-US","@id":"https:\/\/hesdesign.com.tr\/#\/schema\/logo\/image\/","url":"https:\/\/www.hesdesign.com.tr\/wp-content\/uploads\/2021\/09\/hes-copy-2.png","contentUrl":"https:\/\/www.hesdesign.com.tr\/wp-content\/uploads\/2021\/09\/hes-copy-2.png","width":300,"height":132,"caption":"HES Design"},"image":{"@id":"https:\/\/hesdesign.com.tr\/#\/schema\/logo\/image\/"},"sameAs":["https:\/\/www.facebook.com\/hesdesign34","https:\/\/www.instagram.com\/hes_design_\/","http:\/\/linkedin.com\/company\/hes-design"]}]}},"_links":{"self":[{"href":"https:\/\/hesdesign.com.tr\/en\/wp-json\/wp\/v2\/pages\/9724","targetHints":{"allow":["GET"]}}],"collection":[{"href":"https:\/\/hesdesign.com.tr\/en\/wp-json\/wp\/v2\/pages"}],"about":[{"href":"https:\/\/hesdesign.com.tr\/en\/wp-json\/wp\/v2\/types\/page"}],"author":[{"embeddable":true,"href":"https:\/\/hesdesign.com.tr\/en\/wp-json\/wp\/v2\/users\/1"}],"replies":[{"embeddable":true,"href":"https:\/\/hesdesign.com.tr\/en\/wp-json\/wp\/v2\/comments?post=9724"}],"version-history":[{"count":2,"href":"https:\/\/hesdesign.com.tr\/en\/wp-json\/wp\/v2\/pages\/9724\/revisions"}],"predecessor-version":[{"id":9726,"href":"https:\/\/hesdesign.com.tr\/en\/wp-json\/wp\/v2\/pages\/9724\/revisions\/9726"}],"up":[{"embeddable":true,"href":"https:\/\/hesdesign.com.tr\/en\/wp-json\/wp\/v2\/pages\/7754"}],"wp:attachment":[{"href":"https:\/\/hesdesign.com.tr\/en\/wp-json\/wp\/v2\/media?parent=9724"}],"curies":[{"name":"wp","href":"https:\/\/api.w.org\/{rel}","templated":true}]}}